{"id":613,"date":"2026-01-15T09:37:39","date_gmt":"2026-01-15T09:37:39","guid":{"rendered":"https:\/\/borsvarlden.tacotech.se\/?page_id=613"},"modified":"2026-01-15T09:51:11","modified_gmt":"2026-01-15T09:51:11","slug":"redaktionell-policy","status":"publish","type":"page","link":"https:\/\/borsvarlden.tacotech.se\/redaktionell-policy\/","title":{"rendered":"Redaktionell policy"},"content":{"rendered":"\n<h3 class=\"wp-block-heading\">1.1 Redaktionellt oberoende<\/h3>\n\n\n\n<p>Inneh\u00e5llet p\u00e5 hemsidan p\u00e5verkas inte av samarbetspartners. De samarbetar inte kring ranking, betyg eller omd\u00f6men utan det tas fram och granskas av redaktionen. Det inneb\u00e4r att B\u00f6rsv\u00e4rlden Privatekonomi \u00e4r redaktionellt oberoende emot samarbeten. Inneh\u00e5llet kan dock fortfarande ha ett komersiellt syfte, mer om det i 1.2.<\/p>\n\n\n\n<h3 class=\"wp-block-heading\">1.2 Ers\u00e4ttningsmodell<\/h3>\n\n\n\n<p>Denna del av webbplatsen anv\u00e4nder s\u00e5 kallade affiliate- och trackingl\u00e4nkar. Det \u00e4r ett s\u00e4tt att sp\u00e5ra trafik fr\u00e5n v\u00e5r webbplats till f\u00f6rs\u00e4kringsbolag, banker och kreditgivare. Sp\u00e5rningen g\u00f6r det m\u00f6jligt f\u00f6r B\u00f6rsv\u00e4rlden Privatekonomi att f\u00e5 ers\u00e4ttning f\u00f6r arbetet, om en bes\u00f6kare v\u00e4ljer att klicka sig vidare eller teckna\/k\u00f6pa produkter.<\/p>\n\n\n\n<p>Ers\u00e4ttningsmodellen ligger inte till grund f\u00f6r hur inneh\u00e5llet utformas eller vilka datapunkter som anv\u00e4nds i j\u00e4mf\u00f6relse. Produkterna som rekommenderas kan b\u00e5da anv\u00e4nda vanliga l\u00e4nkar och sp\u00e5rningsl\u00e4nkar. \u00c4r produkterna rekommenderade bygger det inte p\u00e5 niv\u00e5 av ers\u00e4ttning.<\/p>\n\n\n\n<h3 class=\"wp-block-heading\">1.3 Transparens mot l\u00e4saren<\/h3>\n\n\n\n<p>F\u00f6r att skapa transparens mot l\u00e4sare har vi ett <a href=\"https:\/\/borsvarlden.tacotech.se\/betygssystem\/\">betygssystem<\/a> som ligger till grund f\u00f6r hur produkter rankas. Vi indikerar \u00e4ven n\u00e4r guiden sensat var uppdaterad och att det har faktagranskats av v\u00e5r redaktion. Vi reserverar dock f\u00f6r att produkter och f\u00f6retag som vi har med i guiderna kan uppdatera villkor snabbare \u00e4n vi har m\u00f6jlighet.<\/p>\n\n\n\n<p><strong>Det inneb\u00e4r att villkor och information hos f\u00f6retaget alltid g\u00e4ller f\u00f6r v\u00e5rt inneh\u00e5ll<\/strong>.<\/p>\n\n\n\n<h3 class=\"wp-block-heading\">1.5 Uppdateringspolicy<\/h3>\n\n\n\n<p>Vi efterstr\u00e4var att uppdatera och kontrollera detaljerna inom respektive guide i f\u00f6ljande frekvens:<\/p>\n\n\n\n<ul class=\"wp-block-list\">\n<li>L\u00e5n &amp; kreditkort: Minst 1 g\u00e5ng per 2 m\u00e5nader<\/li>\n\n\n\n<li>F\u00f6rs\u00e4kringar: Minst1 g\u00e5ng per 3 m\u00e5nader<\/li>\n<\/ul>\n\n\n\n<h3 class=\"wp-block-heading\">1.6 Ansvarsfriskrivning<\/h3>\n\n\n\n<p>Syftet med v\u00e5r redaktionella policy \u00e4r att skapa transparens men vi har inte m\u00f6jlighet att ta fullt ansvar f\u00f6r inneh\u00e5llet och hur l\u00e4sare agerar. Vi vill d\u00e4rf\u00f6r vara tydliga med att inget inneh\u00e5ll \u00e4r personlig r\u00e5dgivning. All j\u00e4mf\u00f6relse bygger p\u00e5 generell och publik information. Vi tar inte h\u00e4nsyn till personliga variablar och inneh\u00e5llet b\u00f6r inte anv\u00e4ndas p\u00e5 det s\u00e4ttet.<\/p>\n\n\n\n<p><strong>Du som l\u00e4sare ansvarar f\u00f6r egna beslut g\u00e4llande l\u00e5n, f\u00f6rs\u00e4kringar och kreditkort.<\/strong><\/p>\n","protected":false},"excerpt":{"rendered":"<p>1.1 Redaktionellt oberoende Inneh\u00e5llet p\u00e5 hemsidan p\u00e5verkas inte av samarbetspartners. De samarbetar inte kring ranking, betyg eller omd\u00f6men utan det tas fram och granskas av redaktionen. Det inneb\u00e4r att B\u00f6rsv\u00e4rlden Privatekonomi \u00e4r redaktionellt oberoende emot samarbeten. Inneh\u00e5llet kan dock fortfarande ha ett komersiellt syfte, mer om det i 1.2. 1.2 Ers\u00e4ttningsmodell Denna del av webbplatsen&hellip;&nbsp;<\/p>\n","protected":false},"author":2,"featured_media":0,"parent":0,"menu_order":0,"comment_status":"closed","ping_status":"closed","template":"","meta":{"_acf_changed":false,"neve_meta_sidebar":"","neve_meta_container":"","neve_meta_enable_content_width":"","neve_meta_content_width":0,"neve_meta_title_alignment":"","neve_meta_author_avatar":"","neve_post_elements_order":"","neve_meta_disable_header":"","neve_meta_disable_footer":"","neve_meta_disable_title":"","footnotes":""},"class_list":["post-613","page","type-page","status-publish","hentry"],"acf":[],"yoast_head":"<!-- This site is optimized with the Yoast SEO plugin v27.3 - https:\/\/yoast.com\/product\/yoast-seo-wordpress\/ -->\n<title>Redaktionell policy<\/title>\n<meta property=\"og:locale\" content=\"sv_SE\" \/>\n<meta property=\"og:type\" content=\"article\" \/>\n<meta property=\"og:title\" content=\"Redaktionell policy\" \/>\n<meta property=\"og:description\" content=\"1.1 Redaktionellt oberoende Inneh\u00e5llet p\u00e5 hemsidan p\u00e5verkas inte av samarbetspartners. De samarbetar inte kring ranking, betyg eller omd\u00f6men utan det tas fram och granskas av redaktionen. Det inneb\u00e4r att B\u00f6rsv\u00e4rlden Privatekonomi \u00e4r redaktionellt oberoende emot samarbeten. Inneh\u00e5llet kan dock fortfarande ha ett komersiellt syfte, mer om det i 1.2. 1.2 Ers\u00e4ttningsmodell Denna del av webbplatsen&hellip;&nbsp;\" \/>\n<meta property=\"og:url\" content=\"https:\/\/borsvarlden.tacotech.se\/redaktionell-policy\/\" \/>\n<meta property=\"og:site_name\" content=\"Borsvarlden\" \/>\n<meta property=\"article:modified_time\" content=\"2026-01-15T09:51:11+00:00\" \/>\n<meta name=\"twitter:card\" content=\"summary_large_image\" \/>\n<meta name=\"twitter:label1\" content=\"Ber\u00e4knad l\u00e4stid\" \/>\n\t<meta name=\"twitter:data1\" content=\"2 minuter\" \/>\n<script type=\"application\/ld+json\" class=\"yoast-schema-graph\">{\"@context\":\"https:\\\/\\\/schema.org\",\"@graph\":[{\"@type\":\"WebPage\",\"@id\":\"https:\\\/\\\/borsvarlden.tacotech.se\\\/redaktionell-policy\\\/\",\"url\":\"https:\\\/\\\/borsvarlden.tacotech.se\\\/redaktionell-policy\\\/\",\"name\":\"Redaktionell policy\",\"isPartOf\":{\"@id\":\"https:\\\/\\\/borsvarlden.tacotech.se\\\/#website\"},\"datePublished\":\"2026-01-15T09:37:39+00:00\",\"dateModified\":\"2026-01-15T09:51:11+00:00\",\"breadcrumb\":{\"@id\":\"https:\\\/\\\/borsvarlden.tacotech.se\\\/redaktionell-policy\\\/#breadcrumb\"},\"inLanguage\":\"sv-SE\",\"potentialAction\":[{\"@type\":\"ReadAction\",\"target\":[\"https:\\\/\\\/borsvarlden.tacotech.se\\\/redaktionell-policy\\\/\"]}]},{\"@type\":\"BreadcrumbList\",\"@id\":\"https:\\\/\\\/borsvarlden.tacotech.se\\\/redaktionell-policy\\\/#breadcrumb\",\"itemListElement\":[{\"@type\":\"ListItem\",\"position\":1,\"name\":\"B\u00f6rsv\u00e4rlden\",\"item\":\"https:\\\/\\\/borsvarlden.com\\\/\"},{\"@type\":\"ListItem\",\"position\":2,\"name\":\"Privatekonomi\",\"item\":\"https:\\\/\\\/borsvarlden.tacotech.se\\\/\"},{\"@type\":\"ListItem\",\"position\":3,\"name\":\"Redaktionell policy\"}]},{\"@type\":\"WebSite\",\"@id\":\"https:\\\/\\\/borsvarlden.tacotech.se\\\/#website\",\"url\":\"https:\\\/\\\/borsvarlden.tacotech.se\\\/\",\"name\":\"Borsvarlden\",\"description\":\"\",\"potentialAction\":[{\"@type\":\"SearchAction\",\"target\":{\"@type\":\"EntryPoint\",\"urlTemplate\":\"https:\\\/\\\/borsvarlden.tacotech.se\\\/?s={search_term_string}\"},\"query-input\":{\"@type\":\"PropertyValueSpecification\",\"valueRequired\":true,\"valueName\":\"search_term_string\"}}],\"inLanguage\":\"sv-SE\"}]}<\/script>\n<!-- \/ Yoast SEO plugin. -->","yoast_head_json":{"title":"Redaktionell policy","og_locale":"sv_SE","og_type":"article","og_title":"Redaktionell policy","og_description":"1.1 Redaktionellt oberoende Inneh\u00e5llet p\u00e5 hemsidan p\u00e5verkas inte av samarbetspartners. De samarbetar inte kring ranking, betyg eller omd\u00f6men utan det tas fram och granskas av redaktionen. Det inneb\u00e4r att B\u00f6rsv\u00e4rlden Privatekonomi \u00e4r redaktionellt oberoende emot samarbeten. Inneh\u00e5llet kan dock fortfarande ha ett komersiellt syfte, mer om det i 1.2. 1.2 Ers\u00e4ttningsmodell Denna del av webbplatsen&hellip;&nbsp;","og_url":"https:\/\/borsvarlden.tacotech.se\/redaktionell-policy\/","og_site_name":"Borsvarlden","article_modified_time":"2026-01-15T09:51:11+00:00","twitter_card":"summary_large_image","twitter_misc":{"Ber\u00e4knad l\u00e4stid":"2 minuter"},"schema":{"@context":"https:\/\/schema.org","@graph":[{"@type":"WebPage","@id":"https:\/\/borsvarlden.tacotech.se\/redaktionell-policy\/","url":"https:\/\/borsvarlden.tacotech.se\/redaktionell-policy\/","name":"Redaktionell policy","isPartOf":{"@id":"https:\/\/borsvarlden.tacotech.se\/#website"},"datePublished":"2026-01-15T09:37:39+00:00","dateModified":"2026-01-15T09:51:11+00:00","breadcrumb":{"@id":"https:\/\/borsvarlden.tacotech.se\/redaktionell-policy\/#breadcrumb"},"inLanguage":"sv-SE","potentialAction":[{"@type":"ReadAction","target":["https:\/\/borsvarlden.tacotech.se\/redaktionell-policy\/"]}]},{"@type":"BreadcrumbList","@id":"https:\/\/borsvarlden.tacotech.se\/redaktionell-policy\/#breadcrumb","itemListElement":[{"@type":"ListItem","position":1,"name":"B\u00f6rsv\u00e4rlden","item":"https:\/\/borsvarlden.com\/"},{"@type":"ListItem","position":2,"name":"Privatekonomi","item":"https:\/\/borsvarlden.tacotech.se\/"},{"@type":"ListItem","position":3,"name":"Redaktionell policy"}]},{"@type":"WebSite","@id":"https:\/\/borsvarlden.tacotech.se\/#website","url":"https:\/\/borsvarlden.tacotech.se\/","name":"Borsvarlden","description":"","potentialAction":[{"@type":"SearchAction","target":{"@type":"EntryPoint","urlTemplate":"https:\/\/borsvarlden.tacotech.se\/?s={search_term_string}"},"query-input":{"@type":"PropertyValueSpecification","valueRequired":true,"valueName":"search_term_string"}}],"inLanguage":"sv-SE"}]}},"_links":{"self":[{"href":"https:\/\/borsvarlden.tacotech.se\/wp-json\/wp\/v2\/pages\/613","targetHints":{"allow":["GET"]}}],"collection":[{"href":"https:\/\/borsvarlden.tacotech.se\/wp-json\/wp\/v2\/pages"}],"about":[{"href":"https:\/\/borsvarlden.tacotech.se\/wp-json\/wp\/v2\/types\/page"}],"author":[{"embeddable":true,"href":"https:\/\/borsvarlden.tacotech.se\/wp-json\/wp\/v2\/users\/2"}],"replies":[{"embeddable":true,"href":"https:\/\/borsvarlden.tacotech.se\/wp-json\/wp\/v2\/comments?post=613"}],"version-history":[{"count":6,"href":"https:\/\/borsvarlden.tacotech.se\/wp-json\/wp\/v2\/pages\/613\/revisions"}],"predecessor-version":[{"id":634,"href":"https:\/\/borsvarlden.tacotech.se\/wp-json\/wp\/v2\/pages\/613\/revisions\/634"}],"wp:attachment":[{"href":"https:\/\/borsvarlden.tacotech.se\/wp-json\/wp\/v2\/media?parent=613"}],"curies":[{"name":"wp","href":"https:\/\/api.w.org\/{rel}","templated":true}]}}