{"id":160,"date":"2025-11-05T09:46:52","date_gmt":"2025-11-05T09:46:52","guid":{"rendered":"https:\/\/borsvarlden.tacotech.se\/?page_id=160"},"modified":"2026-03-03T14:34:29","modified_gmt":"2026-03-03T14:34:29","slug":"basta-lanet","status":"publish","type":"page","link":"https:\/\/borsvarlden.tacotech.se\/lan\/basta-lanet\/","title":{"rendered":"B\u00e4sta l\u00e5net"},"content":{"rendered":"\n<h2 class=\"wp-block-heading\">B\u00e4sta privatl\u00e5net &#8211; s\u00e5 hittar du r\u00e4tt l\u00e5n f\u00f6r din ekonomi<\/h2>\n\n\n\n<p>Det <strong>b\u00e4sta privatl\u00e5net <\/strong>\u00e4r det l\u00e5n som ger dig l\u00e4gst total kostnad och rimliga villkor utifr\u00e5n din ekonomi, inte n\u00f6dv\u00e4ndigtvis den l\u00e4gsta annonserade r\u00e4ntan. F\u00f6r att avg\u00f6ra vilket privatl\u00e5n som \u00e4r b\u00e4st beh\u00f6ver du j\u00e4mf\u00f6ra effektiv r\u00e4nta, avgifter, \u00e5terbetalningstid och l\u00e5ngivarens kreditkrav.<\/p>\n\n\n\n<p>P\u00e5 v\u00e5r sida B\u00f6rsv\u00e4rlden kan du filtrera fram privatl\u00e5n baserat p\u00e5 r\u00e4nta, kreditupplysning, krav p\u00e5 inkomst och om betalningsanm\u00e4rkning accepteras. Det g\u00f6r det betydligt enklare att hitta det b\u00e4sta privatl\u00e5net f\u00f6r just din situation.<\/p>\n\n\n\n<h2 class=\"wp-block-heading\">B\u00e4sta l\u00e5net enligt TrustPilot<\/h2>\n\n\n\n<p>TrustPilot bygger p\u00e5 kunders omd\u00f6men. Alla l\u00e5n nedanf\u00f6r har minst 1000 omd\u00f6men och d\u00e4refter h\u00f6gst betyg. <strong>Det b\u00e4sta l\u00e5net enligt TrustPilot betyg \u00e4r Sambla<\/strong>.<\/p>\n\n\n\n<figure class=\"wp-block-table is-style-borsvarlden-table\"><table class=\"has-fixed-layout\"><thead><tr><th>L\u00e5n<\/th><th>Betyg p\u00e5 TrustPilot<\/th><\/tr><\/thead><tbody><tr><td>Sambla<\/td><td>4,8<\/td><\/tr><tr><td>Enklare<\/td><td>4,7<\/td><\/tr><tr><td>Freedom Finance<\/td><td>4,7<\/td><\/tr><tr><td>Zensum<\/td><td>4,7<\/td><\/tr><tr><td>Fairlo<\/td><td>4,7<\/td><\/tr><\/tbody><\/table><\/figure>\n\n\n\n<h2 class=\"wp-block-heading\">B\u00e4sta privatl\u00e5net enligt Svenskt Kvalitetsindex (SKI)<\/h2>\n\n\n\n<p>Svenskt Kvalitetsindex genomf\u00f6r unders\u00f6kningar av kundn\u00f6jdhet. <strong>Enligt deras unders\u00f6kning 2025 \u00e4r vinnaren och det b\u00e4sta l\u00e5net Medmera Bank<\/strong>. Flera av akt\u00f6rerna g\u00e5r att s\u00f6ka om via <a href=\"https:\/\/borsvarlden.tacotech.se\/lan\/laneformedlare\/\">l\u00e5nef\u00f6rmedlare<\/a> eller direkt.<\/p>\n\n\n\n<figure class=\"wp-block-table is-style-borsvarlden-table\"><table class=\"has-fixed-layout\"><thead><tr><th>L\u00e5n<\/th><th>SKI<\/th><\/tr><\/thead><tbody><tr><td>MedMera Bank<\/td><td>75,9<\/td><\/tr><tr><td>L\u00e4nsf\u00f6rs\u00e4kringar Bank<\/td><td>71,8<\/td><\/tr><tr><td>Handelsbanken<\/td><td>71,2<\/td><\/tr><tr><td>ICA Banken<\/td><td>67,9<\/td><\/tr><tr><td>L\u00e5n &amp; Spar Bank<\/td><td>67,9<\/td><\/tr><\/tbody><\/table><\/figure>\n\n\n\n<h2 class=\"wp-block-heading\">Vad menas med b\u00e4sta privatl\u00e5net?<\/h2>\n\n\n\n<p>Det b\u00e4sta privatl\u00e5net \u00e4r det l\u00e5n som passar din ekonomiska situation b\u00e4st n\u00e4r alla kostnader och villkor r\u00e4knas in. Ett privatl\u00e5n saknar s\u00e4kerhet, vilket inneb\u00e4r h\u00f6gre r\u00e4nta \u00e4n bol\u00e5n men st\u00f6rre flexibilitet.<\/p>\n\n\n\n<p>Ett privatl\u00e5n kan anv\u00e4ndas till exempelvis renovering, bilk\u00f6p, samla l\u00e5n eller st\u00f6rre ink\u00f6p. Enligt statistik fr\u00e5n Finansinspektionen ligger den genomsnittliga effektiva r\u00e4ntan f\u00f6r privatl\u00e5n ofta mellan 6 och 10 procent, beroende p\u00e5 kreditv\u00e4rdighet och marknadsl\u00e4ge.<\/p>\n\n\n\n<h2 class=\"wp-block-heading\">S\u00e5 avg\u00f6r du vilket privatl\u00e5n som \u00e4r b\u00e4st<\/h2>\n\n\n\n<p>Att v\u00e4lja vilket det b\u00e4sta privatl\u00e5net \u00e4r inte helt enkelt, vi har d\u00e4rf\u00f6r g\u00e5tt igenom de olika faktorer som kan vara viktiga.<\/p>\n\n\n\n<h3 class=\"wp-block-heading\">1. R\u00e4nta och totalkostnad<\/h3>\n\n\n\n<p>Den viktigaste faktorn \u00e4r alltid den effektiva r\u00e4ntan, eftersom den inkluderar nominell r\u00e4nta, uppl\u00e4ggningsavgifter och aviavgifter.<\/p>\n\n\n\n<p><strong>Exempel:<\/strong> Vid 250 000 kr i 6 \u00e5r med 7,5 % nominell r\u00e4nta och 495 kr i uppl\u00e4ggningsavgift blir den effektiva r\u00e4ntan cirka 8,1 %. M\u00e5nadskostnaden blir cirka 4 338 kr och den totala r\u00e4ntekostnaden cirka 57 000 kr.<\/p>\n\n\n\n<h3 class=\"wp-block-heading\">2. \u00c5terbetalningstid<\/h3>\n\n\n\n<p>Kortare l\u00f6ptid ger l\u00e4gre totalkostnad men h\u00f6gre m\u00e5nadskostnad. L\u00e4ngre l\u00f6ptid ger l\u00e4gre m\u00e5nadskostnad men h\u00f6gre r\u00e4nta totalt.<\/p>\n\n\n\n<h3 class=\"wp-block-heading\">3. Avgifter och villkor<\/h3>\n\n\n\n<p>M\u00e5nga privatl\u00e5n marknadsf\u00f6rs med l\u00e5g r\u00e4nta men har dolda kostnader. Ta alltid en extra koll p\u00e5 den effektiva r\u00e4ntan och ha koll p\u00e5 dessa kostnader:<\/p>\n\n\n\n<ul class=\"wp-block-list\">\n<li>Uppl\u00e4ggningsavgift<\/li>\n\n\n\n<li>Aviavgift<\/li>\n<\/ul>\n\n\n\n<h2 class=\"wp-block-heading\">Kreditpr\u00f6vning och krav f\u00f6r b\u00e4sta privatl\u00e5net<\/h2>\n\n\n\n<p>Alla l\u00e5ngivare g\u00f6r en kreditpr\u00f6vning enligt Konsumentkreditlagen. Upplysningen tas oftast via UC, Bisnode eller Creditsafe.<\/p>\n\n\n\n<p><strong>Vanliga krav<\/strong><\/p>\n\n\n\n<figure class=\"wp-block-table is-style-borsvarlden-table\"><table class=\"has-fixed-layout\"><thead><tr><th>Kreditupplysning<\/th><th>Anm\u00e4rkning<\/th><th>\u00c5lderskrav<\/th><th>Inkomstkrav<\/th><th>Effektiv r\u00e4nta<\/th><\/tr><\/thead><tbody><tr><td>UC<\/td><td>Inte OK<\/td><td>20 \u00e5r<\/td><td>180 000 kr\/\u00e5r<\/td><td>6 &#8211; 9%<\/td><\/tr><tr><td>Bisnode<\/td><td>OK<\/td><td>18 \u00e5r<\/td><td>120 000 kr\/\u00e5r<\/td><td>8 &#8211; 18%<\/td><\/tr><tr><td>Creditsafe<\/td><td>OK<\/td><td>18 \u00e5r<\/td><td>100 000 kr\/\u00e5r<\/td><td>10 &#8211; 22%<\/td><\/tr><\/tbody><\/table><\/figure>\n\n\n\n<p>Att v\u00e4lja l\u00e5ngivare utan UC kan vara f\u00f6rdelaktigt om du vill undvika m\u00e5nga f\u00f6rfr\u00e5gningar, men r\u00e4ntan \u00e4r ofta h\u00f6gre.<\/p>\n\n\n\n<h2 class=\"wp-block-heading\">Meds\u00f6kande kan ge ett b\u00e4ttre privatl\u00e5n<\/h2>\n\n\n\n<p>Genom att l\u00e4gga till en meds\u00f6kande \u00f6kar den samlade kreditv\u00e4rdigheten. Det kan s\u00e4nka r\u00e4ntan och \u00f6ka chansen att bli beviljad det b\u00e4sta privatl\u00e5net.<\/p>\n\n\n\n<h2 class=\"wp-block-heading\">Samla l\u00e5n f\u00f6r att f\u00e5 b\u00e4sta privatl\u00e5net<\/h2>\n\n\n\n<p>Att anv\u00e4nda ett privatl\u00e5n f\u00f6r att <a href=\"https:\/\/borsvarlden.tacotech.se\/lan\/samla-lan\/\">samla flera l\u00e5n<\/a> (krediter och kreditkort) \u00e4r ett av de vanligaste s\u00e4tten att f\u00f6rb\u00e4ttra sin ekonomi.<\/p>\n\n\n\n<p><strong>Exempel:<\/strong> Samlar du 5 krediter p\u00e5 totalt 120 000 kr med snittr\u00e4nta p\u00e5 18 % till ett privatl\u00e5n p\u00e5 8 % kan du s\u00e4nka m\u00e5nadskostnaden med cirka 1 200 kr och minska totalkostnaden med \u00f6ver 40 000 kr.<\/p>\n\n\n\n<h2 class=\"wp-block-heading\">R\u00e4nteavdrag f\u00f6r l\u00e5n utan s\u00e4kerhet<\/h2>\n\n\n\n<p>Det gick tidigare att g\u00f6ra r\u00e4nteavdrag med 30% upp till 100 000 kr i r\u00e4ntekostnader och 21% p\u00e5 belopp d\u00e4r\u00f6ver. Just nu p\u00e5g\u00e5r det en avtrappning av r\u00e4nteavdraget fram till 0% enligt nya regler som inf\u00f6rs successivt.<\/p>\n\n\n\n<p><strong>Dina lagliga r\u00e4ttigheter som g\u00e4llar alla de b\u00e4sta l\u00e5nen utan s\u00e4kerhet \u00e4r:<\/strong><\/p>\n\n\n\n<ul class=\"wp-block-list\">\n<li>\u00c5ngerr\u00e4tt i 14 dagar<\/li>\n\n\n\n<li>R\u00e4tt att l\u00f6sa l\u00e5net i f\u00f6rtid<\/li>\n\n\n\n<li>R\u00e4tt till tydlig information om effektiv r\u00e4nta<\/li>\n<\/ul>\n\n\n\n<h2 class=\"wp-block-heading\">S\u00e5 hittar du b\u00e4sta privatl\u00e5net hos B\u00f6rsv\u00e4rlden<\/h2>\n\n\n\n<p>I v\u00e5r topplista kan du j\u00e4mf\u00f6ra privatl\u00e5n sida vid sida och filtrera fram alternativ baserat p\u00e5 r\u00e4nta, kreditupplysning och krav. Anv\u00e4nd v\u00e5r l\u00e5nekalkylator f\u00f6r att r\u00e4kna p\u00e5 m\u00e5nadskostnad och totalkostnad innan du ans\u00f6ker.<\/p>\n\n\n\n<p>Sammanfattningsvis \u00e4r det b\u00e4sta privatl\u00e5net det som har l\u00e4gst effektiv r\u00e4nta, rimlig l\u00f6ptid och villkor som matchar din ekonomi. Genom att j\u00e4mf\u00f6ra flera l\u00e5ngivare \u00f6kar du chansen att hitta ett l\u00e5n som verkligen \u00e4r b\u00e4st f\u00f6r dig.<\/p>\n\n\n\n<h2 class=\"wp-block-heading\">Vanliga fr\u00e5gor<\/h2>\n\n\n\n<div class=\"schema-faq wp-block-yoast-faq-block\"><div class=\"schema-faq-section\" id=\"faq-question-1767611349702\"><strong class=\"schema-faq-question\">Vad \u00e4r viktigast f\u00f6r att ett privatl\u00e5n ska vara b\u00e4st?<\/strong> <p class=\"schema-faq-answer\">Den faktor som p\u00e5verkar din kostnad mest \u00e4r r\u00e4nta, men en annan viktig faktor \u00e4r ocks\u00e5 kundbetyget och hur n\u00f6jda andra l\u00e5ntagare har varit. Tycker vi!<\/p> <\/div> <div class=\"schema-faq-section\" id=\"faq-question-1767611397932\"><strong class=\"schema-faq-question\">Vilket l\u00e5n har h\u00f6gst betyg p\u00e5 TrustPilot?<\/strong> <p class=\"schema-faq-answer\">Det har Sambla efter \u00f6ver 20 000 olika omd\u00f6men.<\/p> <\/div> <\/div>\n","protected":false},"excerpt":{"rendered":"<p>B\u00e4sta privatl\u00e5net &#8211; s\u00e5 hittar du r\u00e4tt l\u00e5n f\u00f6r din ekonomi Det b\u00e4sta privatl\u00e5net \u00e4r det l\u00e5n som ger dig l\u00e4gst total kostnad och rimliga villkor utifr\u00e5n din ekonomi, inte n\u00f6dv\u00e4ndigtvis den l\u00e4gsta annonserade r\u00e4ntan. F\u00f6r att avg\u00f6ra vilket privatl\u00e5n som \u00e4r b\u00e4st beh\u00f6ver du j\u00e4mf\u00f6ra effektiv r\u00e4nta, avgifter, \u00e5terbetalningstid och l\u00e5ngivarens kreditkrav. P\u00e5 v\u00e5r&hellip;&nbsp;<\/p>\n","protected":false},"author":2,"featured_media":461,"parent":15,"menu_order":0,"comment_status":"closed","ping_status":"closed","template":"","meta":{"_acf_changed":false,"neve_meta_sidebar":"","neve_meta_container":"","neve_meta_enable_content_width":"","neve_meta_content_width":0,"neve_meta_title_alignment":"","neve_meta_author_avatar":"","neve_post_elements_order":"","neve_meta_disable_header":"","neve_meta_disable_footer":"","neve_meta_disable_title":"","footnotes":""},"class_list":["post-160","page","type-page","status-publish","has-post-thumbnail","hentry"],"acf":[],"yoast_head":"<!-- This site is optimized with the Yoast SEO plugin v27.3 - https:\/\/yoast.com\/product\/yoast-seo-wordpress\/ -->\n<title>B\u00e4sta l\u00e5net - Hitta det b\u00e4sta privatl\u00e5net 2026<\/title>\n<meta name=\"description\" content=\"Vi p\u00e5 B\u00f6rsv\u00e4rlden har skrivit ihop en guide om det b\u00e4sta l\u00e5net 2026. Vi har kollat p\u00e5 r\u00e4ntor, \u00e5terbetalningstid, kundomd\u00f6men och betyg.\" \/>\n<meta property=\"og:locale\" content=\"sv_SE\" \/>\n<meta property=\"og:type\" content=\"article\" \/>\n<meta property=\"og:title\" content=\"B\u00e4sta l\u00e5net - Hitta det b\u00e4sta privatl\u00e5net 2026\" \/>\n<meta property=\"og:description\" content=\"Vi p\u00e5 B\u00f6rsv\u00e4rlden har skrivit ihop en guide om det b\u00e4sta l\u00e5net 2026. Vi har kollat p\u00e5 r\u00e4ntor, \u00e5terbetalningstid, kundomd\u00f6men och betyg.\" \/>\n<meta property=\"og:url\" content=\"https:\/\/borsvarlden.tacotech.se\/lan\/basta-lanet\/\" \/>\n<meta property=\"og:site_name\" content=\"Borsvarlden\" \/>\n<meta property=\"article:modified_time\" content=\"2026-03-03T14:34:29+00:00\" \/>\n<meta property=\"og:image\" content=\"https:\/\/borsvarlden.tacotech.se\/wp-content\/uploads\/basta-lanet-thumb.webp\" \/>\n\t<meta property=\"og:image:width\" content=\"1920\" \/>\n\t<meta property=\"og:image:height\" content=\"1080\" \/>\n\t<meta property=\"og:image:type\" content=\"image\/webp\" \/>\n<meta name=\"twitter:card\" content=\"summary_large_image\" \/>\n<meta name=\"twitter:label1\" content=\"Ber\u00e4knad l\u00e4stid\" \/>\n\t<meta name=\"twitter:data1\" content=\"5 minuter\" \/>\n<script type=\"application\/ld+json\" class=\"yoast-schema-graph\">{\"@context\":\"https:\\\/\\\/schema.org\",\"@graph\":[{\"@type\":[\"WebPage\",\"FAQPage\"],\"@id\":\"https:\\\/\\\/borsvarlden.tacotech.se\\\/lan\\\/basta-lanet\\\/\",\"url\":\"https:\\\/\\\/borsvarlden.tacotech.se\\\/lan\\\/basta-lanet\\\/\",\"name\":\"B\u00e4sta l\u00e5net - Hitta det b\u00e4sta privatl\u00e5net 2026\",\"isPartOf\":{\"@id\":\"https:\\\/\\\/borsvarlden.tacotech.se\\\/#website\"},\"primaryImageOfPage\":{\"@id\":\"https:\\\/\\\/borsvarlden.tacotech.se\\\/lan\\\/basta-lanet\\\/#primaryimage\"},\"image\":{\"@id\":\"https:\\\/\\\/borsvarlden.tacotech.se\\\/lan\\\/basta-lanet\\\/#primaryimage\"},\"thumbnailUrl\":\"https:\\\/\\\/borsvarlden.tacotech.se\\\/wp-content\\\/uploads\\\/basta-lanet-thumb.webp\",\"datePublished\":\"2025-11-05T09:46:52+00:00\",\"dateModified\":\"2026-03-03T14:34:29+00:00\",\"description\":\"Vi p\u00e5 B\u00f6rsv\u00e4rlden har skrivit ihop en guide om det b\u00e4sta l\u00e5net 2026. Vi har kollat p\u00e5 r\u00e4ntor, \u00e5terbetalningstid, kundomd\u00f6men och betyg.\",\"breadcrumb\":{\"@id\":\"https:\\\/\\\/borsvarlden.tacotech.se\\\/lan\\\/basta-lanet\\\/#breadcrumb\"},\"mainEntity\":[{\"@id\":\"https:\\\/\\\/borsvarlden.tacotech.se\\\/lan\\\/basta-lanet\\\/#faq-question-1767611349702\"},{\"@id\":\"https:\\\/\\\/borsvarlden.tacotech.se\\\/lan\\\/basta-lanet\\\/#faq-question-1767611397932\"}],\"inLanguage\":\"sv-SE\",\"potentialAction\":[{\"@type\":\"ReadAction\",\"target\":[\"https:\\\/\\\/borsvarlden.tacotech.se\\\/lan\\\/basta-lanet\\\/\"]}]},{\"@type\":\"ImageObject\",\"inLanguage\":\"sv-SE\",\"@id\":\"https:\\\/\\\/borsvarlden.tacotech.se\\\/lan\\\/basta-lanet\\\/#primaryimage\",\"url\":\"https:\\\/\\\/borsvarlden.tacotech.se\\\/wp-content\\\/uploads\\\/basta-lanet-thumb.webp\",\"contentUrl\":\"https:\\\/\\\/borsvarlden.tacotech.se\\\/wp-content\\\/uploads\\\/basta-lanet-thumb.webp\",\"width\":1920,\"height\":1080},{\"@type\":\"BreadcrumbList\",\"@id\":\"https:\\\/\\\/borsvarlden.tacotech.se\\\/lan\\\/basta-lanet\\\/#breadcrumb\",\"itemListElement\":[{\"@type\":\"ListItem\",\"position\":1,\"name\":\"B\u00f6rsv\u00e4rlden\",\"item\":\"https:\\\/\\\/borsvarlden.com\\\/\"},{\"@type\":\"ListItem\",\"position\":2,\"name\":\"Privatekonomi\",\"item\":\"https:\\\/\\\/borsvarlden.tacotech.se\\\/\"},{\"@type\":\"ListItem\",\"position\":3,\"name\":\"L\u00e5n\",\"item\":\"https:\\\/\\\/borsvarlden.tacotech.se\\\/lan\\\/\"},{\"@type\":\"ListItem\",\"position\":4,\"name\":\"B\u00e4sta l\u00e5net\"}]},{\"@type\":\"WebSite\",\"@id\":\"https:\\\/\\\/borsvarlden.tacotech.se\\\/#website\",\"url\":\"https:\\\/\\\/borsvarlden.tacotech.se\\\/\",\"name\":\"Borsvarlden\",\"description\":\"\",\"potentialAction\":[{\"@type\":\"SearchAction\",\"target\":{\"@type\":\"EntryPoint\",\"urlTemplate\":\"https:\\\/\\\/borsvarlden.tacotech.se\\\/?s={search_term_string}\"},\"query-input\":{\"@type\":\"PropertyValueSpecification\",\"valueRequired\":true,\"valueName\":\"search_term_string\"}}],\"inLanguage\":\"sv-SE\"},{\"@type\":\"Question\",\"@id\":\"https:\\\/\\\/borsvarlden.tacotech.se\\\/lan\\\/basta-lanet\\\/#faq-question-1767611349702\",\"position\":1,\"url\":\"https:\\\/\\\/borsvarlden.tacotech.se\\\/lan\\\/basta-lanet\\\/#faq-question-1767611349702\",\"name\":\"Vad \u00e4r viktigast f\u00f6r att ett privatl\u00e5n ska vara b\u00e4st?\",\"answerCount\":1,\"acceptedAnswer\":{\"@type\":\"Answer\",\"text\":\"Den faktor som p\u00e5verkar din kostnad mest \u00e4r r\u00e4nta, men en annan viktig faktor \u00e4r ocks\u00e5 kundbetyget och hur n\u00f6jda andra l\u00e5ntagare har varit. Tycker vi!\",\"inLanguage\":\"sv-SE\"},\"inLanguage\":\"sv-SE\"},{\"@type\":\"Question\",\"@id\":\"https:\\\/\\\/borsvarlden.tacotech.se\\\/lan\\\/basta-lanet\\\/#faq-question-1767611397932\",\"position\":2,\"url\":\"https:\\\/\\\/borsvarlden.tacotech.se\\\/lan\\\/basta-lanet\\\/#faq-question-1767611397932\",\"name\":\"Vilket l\u00e5n har h\u00f6gst betyg p\u00e5 TrustPilot?\",\"answerCount\":1,\"acceptedAnswer\":{\"@type\":\"Answer\",\"text\":\"Det har Sambla efter \u00f6ver 20 000 olika omd\u00f6men.\",\"inLanguage\":\"sv-SE\"},\"inLanguage\":\"sv-SE\"}]}<\/script>\n<!-- \/ Yoast SEO plugin. -->","yoast_head_json":{"title":"B\u00e4sta l\u00e5net - Hitta det b\u00e4sta privatl\u00e5net 2026","description":"Vi p\u00e5 B\u00f6rsv\u00e4rlden har skrivit ihop en guide om det b\u00e4sta l\u00e5net 2026. Vi har kollat p\u00e5 r\u00e4ntor, \u00e5terbetalningstid, kundomd\u00f6men och betyg.","og_locale":"sv_SE","og_type":"article","og_title":"B\u00e4sta l\u00e5net - Hitta det b\u00e4sta privatl\u00e5net 2026","og_description":"Vi p\u00e5 B\u00f6rsv\u00e4rlden har skrivit ihop en guide om det b\u00e4sta l\u00e5net 2026. Vi har kollat p\u00e5 r\u00e4ntor, \u00e5terbetalningstid, kundomd\u00f6men och betyg.","og_url":"https:\/\/borsvarlden.tacotech.se\/lan\/basta-lanet\/","og_site_name":"Borsvarlden","article_modified_time":"2026-03-03T14:34:29+00:00","og_image":[{"width":1920,"height":1080,"url":"https:\/\/borsvarlden.tacotech.se\/wp-content\/uploads\/basta-lanet-thumb.webp","type":"image\/webp"}],"twitter_card":"summary_large_image","twitter_misc":{"Ber\u00e4knad l\u00e4stid":"5 minuter"},"schema":{"@context":"https:\/\/schema.org","@graph":[{"@type":["WebPage","FAQPage"],"@id":"https:\/\/borsvarlden.tacotech.se\/lan\/basta-lanet\/","url":"https:\/\/borsvarlden.tacotech.se\/lan\/basta-lanet\/","name":"B\u00e4sta l\u00e5net - Hitta det b\u00e4sta privatl\u00e5net 2026","isPartOf":{"@id":"https:\/\/borsvarlden.tacotech.se\/#website"},"primaryImageOfPage":{"@id":"https:\/\/borsvarlden.tacotech.se\/lan\/basta-lanet\/#primaryimage"},"image":{"@id":"https:\/\/borsvarlden.tacotech.se\/lan\/basta-lanet\/#primaryimage"},"thumbnailUrl":"https:\/\/borsvarlden.tacotech.se\/wp-content\/uploads\/basta-lanet-thumb.webp","datePublished":"2025-11-05T09:46:52+00:00","dateModified":"2026-03-03T14:34:29+00:00","description":"Vi p\u00e5 B\u00f6rsv\u00e4rlden har skrivit ihop en guide om det b\u00e4sta l\u00e5net 2026. Vi har kollat p\u00e5 r\u00e4ntor, \u00e5terbetalningstid, kundomd\u00f6men och betyg.","breadcrumb":{"@id":"https:\/\/borsvarlden.tacotech.se\/lan\/basta-lanet\/#breadcrumb"},"mainEntity":[{"@id":"https:\/\/borsvarlden.tacotech.se\/lan\/basta-lanet\/#faq-question-1767611349702"},{"@id":"https:\/\/borsvarlden.tacotech.se\/lan\/basta-lanet\/#faq-question-1767611397932"}],"inLanguage":"sv-SE","potentialAction":[{"@type":"ReadAction","target":["https:\/\/borsvarlden.tacotech.se\/lan\/basta-lanet\/"]}]},{"@type":"ImageObject","inLanguage":"sv-SE","@id":"https:\/\/borsvarlden.tacotech.se\/lan\/basta-lanet\/#primaryimage","url":"https:\/\/borsvarlden.tacotech.se\/wp-content\/uploads\/basta-lanet-thumb.webp","contentUrl":"https:\/\/borsvarlden.tacotech.se\/wp-content\/uploads\/basta-lanet-thumb.webp","width":1920,"height":1080},{"@type":"BreadcrumbList","@id":"https:\/\/borsvarlden.tacotech.se\/lan\/basta-lanet\/#breadcrumb","itemListElement":[{"@type":"ListItem","position":1,"name":"B\u00f6rsv\u00e4rlden","item":"https:\/\/borsvarlden.com\/"},{"@type":"ListItem","position":2,"name":"Privatekonomi","item":"https:\/\/borsvarlden.tacotech.se\/"},{"@type":"ListItem","position":3,"name":"L\u00e5n","item":"https:\/\/borsvarlden.tacotech.se\/lan\/"},{"@type":"ListItem","position":4,"name":"B\u00e4sta l\u00e5net"}]},{"@type":"WebSite","@id":"https:\/\/borsvarlden.tacotech.se\/#website","url":"https:\/\/borsvarlden.tacotech.se\/","name":"Borsvarlden","description":"","potentialAction":[{"@type":"SearchAction","target":{"@type":"EntryPoint","urlTemplate":"https:\/\/borsvarlden.tacotech.se\/?s={search_term_string}"},"query-input":{"@type":"PropertyValueSpecification","valueRequired":true,"valueName":"search_term_string"}}],"inLanguage":"sv-SE"},{"@type":"Question","@id":"https:\/\/borsvarlden.tacotech.se\/lan\/basta-lanet\/#faq-question-1767611349702","position":1,"url":"https:\/\/borsvarlden.tacotech.se\/lan\/basta-lanet\/#faq-question-1767611349702","name":"Vad \u00e4r viktigast f\u00f6r att ett privatl\u00e5n ska vara b\u00e4st?","answerCount":1,"acceptedAnswer":{"@type":"Answer","text":"Den faktor som p\u00e5verkar din kostnad mest \u00e4r r\u00e4nta, men en annan viktig faktor \u00e4r ocks\u00e5 kundbetyget och hur n\u00f6jda andra l\u00e5ntagare har varit. Tycker vi!","inLanguage":"sv-SE"},"inLanguage":"sv-SE"},{"@type":"Question","@id":"https:\/\/borsvarlden.tacotech.se\/lan\/basta-lanet\/#faq-question-1767611397932","position":2,"url":"https:\/\/borsvarlden.tacotech.se\/lan\/basta-lanet\/#faq-question-1767611397932","name":"Vilket l\u00e5n har h\u00f6gst betyg p\u00e5 TrustPilot?","answerCount":1,"acceptedAnswer":{"@type":"Answer","text":"Det har Sambla efter \u00f6ver 20 000 olika omd\u00f6men.","inLanguage":"sv-SE"},"inLanguage":"sv-SE"}]}},"_links":{"self":[{"href":"https:\/\/borsvarlden.tacotech.se\/wp-json\/wp\/v2\/pages\/160","targetHints":{"allow":["GET"]}}],"collection":[{"href":"https:\/\/borsvarlden.tacotech.se\/wp-json\/wp\/v2\/pages"}],"about":[{"href":"https:\/\/borsvarlden.tacotech.se\/wp-json\/wp\/v2\/types\/page"}],"author":[{"embeddable":true,"href":"https:\/\/borsvarlden.tacotech.se\/wp-json\/wp\/v2\/users\/2"}],"replies":[{"embeddable":true,"href":"https:\/\/borsvarlden.tacotech.se\/wp-json\/wp\/v2\/comments?post=160"}],"version-history":[{"count":29,"href":"https:\/\/borsvarlden.tacotech.se\/wp-json\/wp\/v2\/pages\/160\/revisions"}],"predecessor-version":[{"id":835,"href":"https:\/\/borsvarlden.tacotech.se\/wp-json\/wp\/v2\/pages\/160\/revisions\/835"}],"up":[{"embeddable":true,"href":"https:\/\/borsvarlden.tacotech.se\/wp-json\/wp\/v2\/pages\/15"}],"wp:featuredmedia":[{"embeddable":true,"href":"https:\/\/borsvarlden.tacotech.se\/wp-json\/wp\/v2\/media\/461"}],"wp:attachment":[{"href":"https:\/\/borsvarlden.tacotech.se\/wp-json\/wp\/v2\/media?parent=160"}],"curies":[{"name":"wp","href":"https:\/\/api.w.org\/{rel}","templated":true}]}}