{"id":148,"date":"2025-11-05T09:23:19","date_gmt":"2025-11-05T09:23:19","guid":{"rendered":"https:\/\/borsvarlden.tacotech.se\/?page_id=148"},"modified":"2026-02-28T09:22:08","modified_gmt":"2026-02-28T09:22:08","slug":"lan-med-lag-ranta","status":"publish","type":"page","link":"https:\/\/borsvarlden.tacotech.se\/lan\/lan-med-lag-ranta\/","title":{"rendered":"L\u00e5n med l\u00e5g r\u00e4nta"},"content":{"rendered":"\n<h2 class=\"wp-block-heading\">L\u00e5na pengar med l\u00e5g r\u00e4nta (tabell)<\/h2>\n\n\n\n<figure class=\"wp-block-table is-style-borsvarlden-table\"><table class=\"has-fixed-layout\"><thead><tr><th>L\u00e5n<\/th><th>R\u00e4nta fr\u00e5n<\/th><\/tr><\/thead><tbody><tr><td>Sambla<\/td><td>4,50%<\/td><\/tr><tr><td>Enklare<\/td><td>4,50%<\/td><\/tr><tr><td><strong>MedMera<\/strong><\/td><td><strong>4,33% (med 1% r\u00e4nterabatt f\u00f6r medlemmar)<\/strong><\/td><\/tr><tr><td>Advisa<\/td><td>4,95%<\/td><\/tr><tr><td>SBAB<\/td><td>4,50%<\/td><\/tr><\/tbody><\/table><\/figure>\n\n\n\n<h2 class=\"wp-block-heading\">Vad \u00e4r ett l\u00e5n med l\u00e5g r\u00e4nta?<\/h2>\n\n\n\n<p>Ett l\u00e5n med l\u00e5g r\u00e4nta \u00e4r ett privatl\u00e5n utan s\u00e4kerhet med konkurrenskraftig r\u00e4nta. I praktiken inneb\u00e4r det att l\u00e5nets r\u00e4ntesats \u00e4r procentuellt l\u00e5g och l\u00e4gre \u00e4n andra hos andra l\u00e5n. Ofta s\u00e5 l\u00e5g som 5-6%. R\u00e4ntan \u00e4r den avgift du betalar f\u00f6r att l\u00e5na pengar, och anges som nominell r\u00e4nta. N\u00e4r du \u00e4ven r\u00e4knar in avgifter som uppl\u00e4ggnings- och aviavgifter f\u00e5r du den effektiva r\u00e4ntan, som visar den verkliga kostnaden.<\/p>\n\n\n\n<p>F\u00f6rdelarna med en l\u00e5g r\u00e4nta \u00e4r att du betalar mindre i r\u00e4nta innan l\u00e5net har \u00e5terbetalats. Att betala mindre i r\u00e4nta och avgifter har en stark f\u00f6rdel f\u00f6r din \u00f6vriga ekonomi och det \u00e4r m\u00e4nskligt att inte vilja betala f\u00f6r mycket. Utmaningen \u00e4r att f\u00e5 en l\u00e5g r\u00e4nta. Det s\u00e4tter h\u00f6ga krav p\u00e5 dig som l\u00e5ntagare men ocks\u00e5 en viss unders\u00f6kning f\u00f6r att hittar r\u00e4tt l\u00e5n.<\/p>\n\n\n\n<h2 class=\"wp-block-heading\">S\u00e5 f\u00e5r du en l\u00e4gst r\u00e4nta p\u00e5 ditt nya l\u00e5n<\/h2>\n\n\n\n<p>Det finns flera faktorer som p\u00e5verkar vilken r\u00e4nta du f\u00e5r. Vissa kan du kontrollera och andra p\u00e5verkas av yttre omst\u00e4ndigheter, som det politiska r\u00e4ntel\u00e4get. Just nu under 2026 har l\u00e5n med l\u00e5g r\u00e4nta en r\u00e4nta runt 5 &#8211; 9% enligt oss. De allra l\u00e4gsta som g\u00e5r att ans\u00f6ka om \u00e4r runt 4%. Men bortsett fr\u00e5n det finns det ett tillv\u00e4gag\u00e5ngs\u00e4tt som vi rekommenderar alla som \u00f6nskar l\u00e4gsta r\u00e4ntan. Det g\u00e5r till s\u00e5 h\u00e4r.<\/p>\n\n\n\n<p><strong>Det f\u00f6rsta<\/strong> du ska g\u00f6ra \u00e4r att anv\u00e4nda en l\u00e5nef\u00f6rmedlare. Stora f\u00f6rdelen med det \u00e4r att du genom en ans\u00f6kan f\u00e5r svar fr\u00e5n flera banker som utmanar r\u00e4ntan och ger dig flera olika f\u00f6rslag. Innan du p\u00e5b\u00f6rjar din ans\u00f6kan kan du kontrollera vilka r\u00e4ntor f\u00f6rmedlaren erbjuder, det st\u00e5r ofta i liten text under knappen d\u00e4r man p\u00e5 b\u00f6rjar ans\u00f6kan. Ett exempel p\u00e5 hur. det kan se ut \u00e4r &#8221;R\u00e4nta fr\u00e5n 4,95 &#8211; 22%&#8221; och inneb\u00e4r d\u00e5 att l\u00e4gsta m\u00f6jliga r\u00e4ntan \u00e4r 4,95%. S\u00e5, v\u00e4lj en och r\u00e4tt l\u00e5nef\u00f6rmedlare.<\/p>\n\n\n\n<p><strong>Vidare kan du f\u00f6rst\u00e5 de olika faktorer<\/strong> som p\u00e5verkar bed\u00f6mningen hos bankerna och l\u00e5ngivarna i vilken r\u00e4nta du f\u00e5r. De kollar p\u00e5 din ans\u00f6kan och din riskprofil, h\u00f6g\u00f6re risk ger h\u00f6gre r\u00e4nta. Genom att f\u00f6rst\u00e5 faktorerna kan du till exempel g\u00f6ra f\u00f6ljande saker f\u00f6r att f\u00e5 l\u00e4gre r\u00e4nta: ans\u00f6ka om mindre l\u00e5n, betala av mindre skulder och ha en meds\u00f6kande.<\/p>\n\n\n\n<p><strong>N\u00e5gra centrala faktorer \u00e4r:<\/strong><\/p>\n\n\n\n<ul class=\"wp-block-list\">\n<li><strong>Kreditv\u00e4rdighet:<\/strong> Banken g\u00f6r en kreditpr\u00f6vning via UC, Bisnode eller Creditsafe. H\u00f6g inkomst, l\u00e5g skulds\u00e4ttning och stabil ekonomi ger b\u00e4ttre r\u00e4nta.<\/li>\n\n\n\n<li><strong>Betalningsanm\u00e4rkningar: <\/strong>En eller flera anm\u00e4rkningar h\u00f6jer risken och d\u00e4rmed r\u00e4ntan. Vissa l\u00e5ngivare accepterar dock anm\u00e4rkningar mot n\u00e5got h\u00f6gre r\u00e4nta.<\/li>\n\n\n\n<li><strong>L\u00e5nebelopp och l\u00f6ptid:<\/strong> Kortare \u00e5terbetalningstid och l\u00e4gre belopp ger ofta l\u00e4gre r\u00e4nta.<\/li>\n\n\n\n<li><strong>Meds\u00f6kande:<\/strong> Tv\u00e5 personer som s\u00f6ker tillsammans \u00f6kar s\u00e4kerheten f\u00f6r l\u00e5ngivaren och kan s\u00e4nka r\u00e4ntan markant.<\/li>\n\n\n\n<li><strong>Styrr\u00e4nta:<\/strong> Riksbankens styrr\u00e4nta p\u00e5verkar alla bor\u00e4ntor och privatl\u00e5ner\u00e4ntor p\u00e5 marknaden. Vid l\u00e5g styrr\u00e4nta kan du generellt f\u00e5 billigare l\u00e5n.<\/li>\n<\/ul>\n\n\n\n<h2 class=\"wp-block-heading\">J\u00e4mf\u00f6r l\u00e5n f\u00f6r att hitta den l\u00e4gsta r\u00e4ntan<\/h2>\n\n\n\n<p>Det enklaste s\u00e4ttet att hitta l\u00e5n med l\u00e5g r\u00e4nta \u00e4r att j\u00e4mf\u00f6ra flera l\u00e5ngivare samtidigt. I v\u00e5r topplista kan du filtrera fram l\u00e5n utifr\u00e5n kreditpr\u00f6vning, anm\u00e4rkningar, l\u00f6ptid och r\u00e4ntespann.<\/p>\n\n\n\n<figure class=\"wp-block-table is-style-borsvarlden-table\"><table class=\"has-fixed-layout\"><thead><tr><th>L\u00e5ngivare<\/th><th>Kreditupplysning<\/th><th>Betalningsanm\u00e4rkning<\/th><th>Effektiv r\u00e4nta<\/th><th>L\u00e5n upp till<\/th><\/tr><\/thead><tbody><tr><td>Sambla<\/td><td>UC<\/td><td>Inte OK<\/td><td>Fr\u00e5n 4,5%<\/td><td>800 000 kr<\/td><\/tr><tr><td>Advisa<\/td><td>UC<\/td><td>OK<\/td><td>Fr\u00e5n 4,5%<\/td><td>800 000 kr<\/td><\/tr><tr><td>SBAB<\/td><td>UC<\/td><td>Inte OK<\/td><td>Fr\u00e5n 4,60%<\/td><td>500 000 kr<\/td><\/tr><\/tbody><\/table><\/figure>\n\n\n\n<h2 class=\"wp-block-heading\">S\u00e5 s\u00e4nker du din r\u00e4nta<\/h2>\n\n\n\n<p>Att aktivt f\u00f6rb\u00e4ttra din ekonomi kan g\u00f6ra stor skillnad p\u00e5 r\u00e4ntan. N\u00e5gra konkreta s\u00e4tt \u00e4r:<\/p>\n\n\n\n<ul class=\"wp-block-list\">\n<li><strong>Betala bort sm\u00e5krediter: <\/strong>F\u00e4rre skulder ger b\u00e4ttre kreditv\u00e4rdighet.<\/li>\n\n\n\n<li><strong>S\u00f6k med meds\u00f6kande: <\/strong>Tv\u00e5 inkomster minskar risken f\u00f6r l\u00e5ngivaren.<\/li>\n\n\n\n<li><strong>F\u00f6rhandla om befintligt l\u00e5n:<\/strong> Om din ekonomi f\u00f6rb\u00e4ttrats kan du ofta f\u00e5 b\u00e4ttre villkor.<\/li>\n\n\n\n<li><strong>Samla l\u00e5n: <\/strong>Genom att samla dyrare krediter till ett st\u00f6rre privatl\u00e5n kan du s\u00e4nka b\u00e5de r\u00e4nta och m\u00e5nadskostnad. Det kallas f\u00f6r samlingsl\u00e5n och att <a href=\"https:\/\/borsvarlden.tacotech.se\/lan\/samla-lan\/\">samla l\u00e5n<\/a>.<\/li>\n<\/ul>\n\n\n\n<h2 class=\"wp-block-heading\">S\u00e5 mycket p\u00e5verkar l\u00e4gre r\u00e4nta din kostnad (tabell)<\/h2>\n\n\n\n<figure class=\"wp-block-table is-style-borsvarlden-table\"><table class=\"has-fixed-layout\"><thead><tr><th>L\u00e5nebelopp<\/th><th>R\u00e4nta (effektiv)<\/th><th>L\u00f6ptid<\/th><th>M\u00e5nadskostnad<\/th><th>Total kostnad<\/th><\/tr><\/thead><tbody><tr><td>100 000 kr<\/td><td>5,5%<\/td><td>5 \u00e5r<\/td><td>1910 kr<\/td><td>114 600 kr<\/td><\/tr><tr><td>250 000 kr<\/td><td>7,0%<\/td><td>6 \u00e5r<\/td><td>4338 kr<\/td><td>312 300 kr<\/td><\/tr><tr><td>400 000 kr<\/td><td>9,0%<\/td><td>8 \u00e5r<\/td><td>5977 kr<\/td><td>477 000 kr<\/td><\/tr><\/tbody><\/table><\/figure>\n\n\n\n<p>Som tabellen visar kan skillnaden mellan 5% och 9% r\u00e4nta betyda tiotusentals kronor \u00f6ver l\u00e5nets l\u00f6ptid.<\/p>\n\n\n\n<h2 class=\"wp-block-heading\">Vanliga fr\u00e5gor och svar<\/h2>\n\n\n\n<div class=\"schema-faq wp-block-yoast-faq-block\"><div class=\"schema-faq-section\" id=\"faq-question-1768382746554\"><strong class=\"schema-faq-question\">Vad anses vara en l\u00e5g r\u00e4nta f\u00f6r l\u00e5n utan s\u00e4kerhet?<\/strong> <p class=\"schema-faq-answer\">Idag anses ett prival\u00e5n som har en r\u00e4nta mellan 5 &#8211; 7% ha en l\u00e5g r\u00e4nta. R\u00e4ntan varierar \u00f6ver tid och kan komma att bli \u00e4nnu l\u00e4gre, men \u00e4ven h\u00f6gre.<\/p> <\/div> <div class=\"schema-faq-section\" id=\"faq-question-1768382897326\"><strong class=\"schema-faq-question\">\u00c4r en l\u00e5g nominell r\u00e4nta samma som en l\u00e5g effektiv r\u00e4nta?<\/strong> <p class=\"schema-faq-answer\">Nej, den nominella r\u00e4ntan \u00e4r den r\u00e4ntan l\u00e5ngivaren erbjuder f\u00f6r l\u00e5net exklusive andra avgifter. S\u00e5 du kan bli erbjuden ett en l\u00e5g r\u00e4nta med dyra avgifter. Det genererar vad man kallar f\u00f6r den effektiva r\u00e4ntan, allts\u00e5 en mer r\u00e4ttvis r\u00e4nta vid j\u00e4mf\u00f6relse mellan olika l\u00e5n.<\/p> <\/div> <div class=\"schema-faq-section\" id=\"faq-question-1768382973898\"><strong class=\"schema-faq-question\">Vilka olika typer av l\u00e5n med l\u00e5g r\u00e4nta finns tillg\u00e4ngliga?<\/strong> <p class=\"schema-faq-answer\">Ett l\u00e5n med l\u00e5g r\u00e4nta \u00e4r inte ett specifikt l\u00e5n utan snarare \u00e4n egenskap. Det finns allts\u00e5 l\u00e5n med l\u00e5g r\u00e4nta som \u00e4r ett <a href=\"https:\/\/borsvarlden.tacotech.se\/lan\/billan\/\">bill\u00e5n<\/a>, bostadsl\u00e5n och privatl\u00e5n.<\/p> <\/div> <\/div>\n","protected":false},"excerpt":{"rendered":"<p>L\u00e5na pengar med l\u00e5g r\u00e4nta (tabell) L\u00e5n R\u00e4nta fr\u00e5n Sambla 4,50% Enklare 4,50% MedMera 4,33% (med 1% r\u00e4nterabatt f\u00f6r medlemmar) Advisa 4,95% SBAB 4,50% Vad \u00e4r ett l\u00e5n med l\u00e5g r\u00e4nta? Ett l\u00e5n med l\u00e5g r\u00e4nta \u00e4r ett privatl\u00e5n utan s\u00e4kerhet med konkurrenskraftig r\u00e4nta. I praktiken inneb\u00e4r det att l\u00e5nets r\u00e4ntesats \u00e4r procentuellt l\u00e5g och&hellip;&nbsp;<\/p>\n","protected":false},"author":2,"featured_media":484,"parent":15,"menu_order":0,"comment_status":"closed","ping_status":"closed","template":"","meta":{"_acf_changed":false,"neve_meta_sidebar":"","neve_meta_container":"","neve_meta_enable_content_width":"","neve_meta_content_width":0,"neve_meta_title_alignment":"","neve_meta_author_avatar":"","neve_post_elements_order":"","neve_meta_disable_header":"","neve_meta_disable_footer":"","neve_meta_disable_title":"","footnotes":""},"class_list":["post-148","page","type-page","status-publish","has-post-thumbnail","hentry"],"acf":[],"yoast_head":"<!-- This site is optimized with the Yoast SEO plugin v27.3 - https:\/\/yoast.com\/product\/yoast-seo-wordpress\/ -->\n<title>L\u00e5n med l\u00e5g r\u00e4nta - L\u00e5na pengar med l\u00e4gst r\u00e4nta 2026<\/title>\n<meta name=\"description\" content=\"Hitta ett l\u00e5n med l\u00e5g r\u00e4nta idag! L\u00e5na pengar med l\u00e4gst r\u00e4nta 2026 hos trygga, s\u00e4kra och bra l\u00e5ngivare. Alla kontrollerade!\" \/>\n<meta property=\"og:locale\" content=\"sv_SE\" \/>\n<meta property=\"og:type\" content=\"article\" \/>\n<meta property=\"og:title\" content=\"L\u00e5n med l\u00e5g r\u00e4nta - L\u00e5na pengar med l\u00e4gst r\u00e4nta 2026\" \/>\n<meta property=\"og:description\" content=\"Hitta ett l\u00e5n med l\u00e5g r\u00e4nta idag! L\u00e5na pengar med l\u00e4gst r\u00e4nta 2026 hos trygga, s\u00e4kra och bra l\u00e5ngivare. Alla kontrollerade!\" \/>\n<meta property=\"og:url\" content=\"https:\/\/borsvarlden.tacotech.se\/lan\/lan-med-lag-ranta\/\" \/>\n<meta property=\"og:site_name\" content=\"Borsvarlden\" \/>\n<meta property=\"article:modified_time\" content=\"2026-02-28T09:22:08+00:00\" \/>\n<meta property=\"og:image\" content=\"https:\/\/borsvarlden.tacotech.se\/wp-content\/uploads\/lan-med-lag-ranta.webp\" \/>\n\t<meta property=\"og:image:width\" content=\"1920\" \/>\n\t<meta property=\"og:image:height\" content=\"1080\" \/>\n\t<meta property=\"og:image:type\" content=\"image\/webp\" \/>\n<meta name=\"twitter:card\" content=\"summary_large_image\" \/>\n<meta name=\"twitter:label1\" content=\"Ber\u00e4knad l\u00e4stid\" \/>\n\t<meta name=\"twitter:data1\" content=\"5 minuter\" \/>\n<script type=\"application\/ld+json\" class=\"yoast-schema-graph\">{\"@context\":\"https:\\\/\\\/schema.org\",\"@graph\":[{\"@type\":[\"WebPage\",\"FAQPage\"],\"@id\":\"https:\\\/\\\/borsvarlden.tacotech.se\\\/lan\\\/lan-med-lag-ranta\\\/\",\"url\":\"https:\\\/\\\/borsvarlden.tacotech.se\\\/lan\\\/lan-med-lag-ranta\\\/\",\"name\":\"L\u00e5n med l\u00e5g r\u00e4nta - L\u00e5na pengar med l\u00e4gst r\u00e4nta 2026\",\"isPartOf\":{\"@id\":\"https:\\\/\\\/borsvarlden.tacotech.se\\\/#website\"},\"primaryImageOfPage\":{\"@id\":\"https:\\\/\\\/borsvarlden.tacotech.se\\\/lan\\\/lan-med-lag-ranta\\\/#primaryimage\"},\"image\":{\"@id\":\"https:\\\/\\\/borsvarlden.tacotech.se\\\/lan\\\/lan-med-lag-ranta\\\/#primaryimage\"},\"thumbnailUrl\":\"https:\\\/\\\/borsvarlden.tacotech.se\\\/wp-content\\\/uploads\\\/lan-med-lag-ranta.webp\",\"datePublished\":\"2025-11-05T09:23:19+00:00\",\"dateModified\":\"2026-02-28T09:22:08+00:00\",\"description\":\"Hitta ett l\u00e5n med l\u00e5g r\u00e4nta idag! L\u00e5na pengar med l\u00e4gst r\u00e4nta 2026 hos trygga, s\u00e4kra och bra l\u00e5ngivare. Alla kontrollerade!\",\"breadcrumb\":{\"@id\":\"https:\\\/\\\/borsvarlden.tacotech.se\\\/lan\\\/lan-med-lag-ranta\\\/#breadcrumb\"},\"mainEntity\":[{\"@id\":\"https:\\\/\\\/borsvarlden.tacotech.se\\\/lan\\\/lan-med-lag-ranta\\\/#faq-question-1768382746554\"},{\"@id\":\"https:\\\/\\\/borsvarlden.tacotech.se\\\/lan\\\/lan-med-lag-ranta\\\/#faq-question-1768382897326\"},{\"@id\":\"https:\\\/\\\/borsvarlden.tacotech.se\\\/lan\\\/lan-med-lag-ranta\\\/#faq-question-1768382973898\"}],\"inLanguage\":\"sv-SE\",\"potentialAction\":[{\"@type\":\"ReadAction\",\"target\":[\"https:\\\/\\\/borsvarlden.tacotech.se\\\/lan\\\/lan-med-lag-ranta\\\/\"]}]},{\"@type\":\"ImageObject\",\"inLanguage\":\"sv-SE\",\"@id\":\"https:\\\/\\\/borsvarlden.tacotech.se\\\/lan\\\/lan-med-lag-ranta\\\/#primaryimage\",\"url\":\"https:\\\/\\\/borsvarlden.tacotech.se\\\/wp-content\\\/uploads\\\/lan-med-lag-ranta.webp\",\"contentUrl\":\"https:\\\/\\\/borsvarlden.tacotech.se\\\/wp-content\\\/uploads\\\/lan-med-lag-ranta.webp\",\"width\":1920,\"height\":1080},{\"@type\":\"BreadcrumbList\",\"@id\":\"https:\\\/\\\/borsvarlden.tacotech.se\\\/lan\\\/lan-med-lag-ranta\\\/#breadcrumb\",\"itemListElement\":[{\"@type\":\"ListItem\",\"position\":1,\"name\":\"B\u00f6rsv\u00e4rlden\",\"item\":\"https:\\\/\\\/borsvarlden.com\\\/\"},{\"@type\":\"ListItem\",\"position\":2,\"name\":\"Privatekonomi\",\"item\":\"https:\\\/\\\/borsvarlden.tacotech.se\\\/\"},{\"@type\":\"ListItem\",\"position\":3,\"name\":\"L\u00e5n\",\"item\":\"https:\\\/\\\/borsvarlden.tacotech.se\\\/lan\\\/\"},{\"@type\":\"ListItem\",\"position\":4,\"name\":\"L\u00e5n med l\u00e5g r\u00e4nta\"}]},{\"@type\":\"WebSite\",\"@id\":\"https:\\\/\\\/borsvarlden.tacotech.se\\\/#website\",\"url\":\"https:\\\/\\\/borsvarlden.tacotech.se\\\/\",\"name\":\"Borsvarlden\",\"description\":\"\",\"potentialAction\":[{\"@type\":\"SearchAction\",\"target\":{\"@type\":\"EntryPoint\",\"urlTemplate\":\"https:\\\/\\\/borsvarlden.tacotech.se\\\/?s={search_term_string}\"},\"query-input\":{\"@type\":\"PropertyValueSpecification\",\"valueRequired\":true,\"valueName\":\"search_term_string\"}}],\"inLanguage\":\"sv-SE\"},{\"@type\":\"Question\",\"@id\":\"https:\\\/\\\/borsvarlden.tacotech.se\\\/lan\\\/lan-med-lag-ranta\\\/#faq-question-1768382746554\",\"position\":1,\"url\":\"https:\\\/\\\/borsvarlden.tacotech.se\\\/lan\\\/lan-med-lag-ranta\\\/#faq-question-1768382746554\",\"name\":\"Vad anses vara en l\u00e5g r\u00e4nta f\u00f6r l\u00e5n utan s\u00e4kerhet?\",\"answerCount\":1,\"acceptedAnswer\":{\"@type\":\"Answer\",\"text\":\"Idag anses ett prival\u00e5n som har en r\u00e4nta mellan 5 - 7% ha en l\u00e5g r\u00e4nta. R\u00e4ntan varierar \u00f6ver tid och kan komma att bli \u00e4nnu l\u00e4gre, men \u00e4ven h\u00f6gre.\",\"inLanguage\":\"sv-SE\"},\"inLanguage\":\"sv-SE\"},{\"@type\":\"Question\",\"@id\":\"https:\\\/\\\/borsvarlden.tacotech.se\\\/lan\\\/lan-med-lag-ranta\\\/#faq-question-1768382897326\",\"position\":2,\"url\":\"https:\\\/\\\/borsvarlden.tacotech.se\\\/lan\\\/lan-med-lag-ranta\\\/#faq-question-1768382897326\",\"name\":\"\u00c4r en l\u00e5g nominell r\u00e4nta samma som en l\u00e5g effektiv r\u00e4nta?\",\"answerCount\":1,\"acceptedAnswer\":{\"@type\":\"Answer\",\"text\":\"Nej, den nominella r\u00e4ntan \u00e4r den r\u00e4ntan l\u00e5ngivaren erbjuder f\u00f6r l\u00e5net exklusive andra avgifter. S\u00e5 du kan bli erbjuden ett en l\u00e5g r\u00e4nta med dyra avgifter. Det genererar vad man kallar f\u00f6r den effektiva r\u00e4ntan, allts\u00e5 en mer r\u00e4ttvis r\u00e4nta vid j\u00e4mf\u00f6relse mellan olika l\u00e5n.\",\"inLanguage\":\"sv-SE\"},\"inLanguage\":\"sv-SE\"},{\"@type\":\"Question\",\"@id\":\"https:\\\/\\\/borsvarlden.tacotech.se\\\/lan\\\/lan-med-lag-ranta\\\/#faq-question-1768382973898\",\"position\":3,\"url\":\"https:\\\/\\\/borsvarlden.tacotech.se\\\/lan\\\/lan-med-lag-ranta\\\/#faq-question-1768382973898\",\"name\":\"Vilka olika typer av l\u00e5n med l\u00e5g r\u00e4nta finns tillg\u00e4ngliga?\",\"answerCount\":1,\"acceptedAnswer\":{\"@type\":\"Answer\",\"text\":\"Ett l\u00e5n med l\u00e5g r\u00e4nta \u00e4r inte ett specifikt l\u00e5n utan snarare \u00e4n egenskap. Det finns allts\u00e5 l\u00e5n med l\u00e5g r\u00e4nta som \u00e4r ett <a href=\\\"https:\\\/\\\/borsvarlden.tacotech.se\\\/lan\\\/billan\\\/\\\">bill\u00e5n<\\\/a>, bostadsl\u00e5n och privatl\u00e5n.\",\"inLanguage\":\"sv-SE\"},\"inLanguage\":\"sv-SE\"}]}<\/script>\n<!-- \/ Yoast SEO plugin. -->","yoast_head_json":{"title":"L\u00e5n med l\u00e5g r\u00e4nta - L\u00e5na pengar med l\u00e4gst r\u00e4nta 2026","description":"Hitta ett l\u00e5n med l\u00e5g r\u00e4nta idag! L\u00e5na pengar med l\u00e4gst r\u00e4nta 2026 hos trygga, s\u00e4kra och bra l\u00e5ngivare. Alla kontrollerade!","og_locale":"sv_SE","og_type":"article","og_title":"L\u00e5n med l\u00e5g r\u00e4nta - L\u00e5na pengar med l\u00e4gst r\u00e4nta 2026","og_description":"Hitta ett l\u00e5n med l\u00e5g r\u00e4nta idag! L\u00e5na pengar med l\u00e4gst r\u00e4nta 2026 hos trygga, s\u00e4kra och bra l\u00e5ngivare. Alla kontrollerade!","og_url":"https:\/\/borsvarlden.tacotech.se\/lan\/lan-med-lag-ranta\/","og_site_name":"Borsvarlden","article_modified_time":"2026-02-28T09:22:08+00:00","og_image":[{"width":1920,"height":1080,"url":"https:\/\/borsvarlden.tacotech.se\/wp-content\/uploads\/lan-med-lag-ranta.webp","type":"image\/webp"}],"twitter_card":"summary_large_image","twitter_misc":{"Ber\u00e4knad l\u00e4stid":"5 minuter"},"schema":{"@context":"https:\/\/schema.org","@graph":[{"@type":["WebPage","FAQPage"],"@id":"https:\/\/borsvarlden.tacotech.se\/lan\/lan-med-lag-ranta\/","url":"https:\/\/borsvarlden.tacotech.se\/lan\/lan-med-lag-ranta\/","name":"L\u00e5n med l\u00e5g r\u00e4nta - L\u00e5na pengar med l\u00e4gst r\u00e4nta 2026","isPartOf":{"@id":"https:\/\/borsvarlden.tacotech.se\/#website"},"primaryImageOfPage":{"@id":"https:\/\/borsvarlden.tacotech.se\/lan\/lan-med-lag-ranta\/#primaryimage"},"image":{"@id":"https:\/\/borsvarlden.tacotech.se\/lan\/lan-med-lag-ranta\/#primaryimage"},"thumbnailUrl":"https:\/\/borsvarlden.tacotech.se\/wp-content\/uploads\/lan-med-lag-ranta.webp","datePublished":"2025-11-05T09:23:19+00:00","dateModified":"2026-02-28T09:22:08+00:00","description":"Hitta ett l\u00e5n med l\u00e5g r\u00e4nta idag! L\u00e5na pengar med l\u00e4gst r\u00e4nta 2026 hos trygga, s\u00e4kra och bra l\u00e5ngivare. Alla kontrollerade!","breadcrumb":{"@id":"https:\/\/borsvarlden.tacotech.se\/lan\/lan-med-lag-ranta\/#breadcrumb"},"mainEntity":[{"@id":"https:\/\/borsvarlden.tacotech.se\/lan\/lan-med-lag-ranta\/#faq-question-1768382746554"},{"@id":"https:\/\/borsvarlden.tacotech.se\/lan\/lan-med-lag-ranta\/#faq-question-1768382897326"},{"@id":"https:\/\/borsvarlden.tacotech.se\/lan\/lan-med-lag-ranta\/#faq-question-1768382973898"}],"inLanguage":"sv-SE","potentialAction":[{"@type":"ReadAction","target":["https:\/\/borsvarlden.tacotech.se\/lan\/lan-med-lag-ranta\/"]}]},{"@type":"ImageObject","inLanguage":"sv-SE","@id":"https:\/\/borsvarlden.tacotech.se\/lan\/lan-med-lag-ranta\/#primaryimage","url":"https:\/\/borsvarlden.tacotech.se\/wp-content\/uploads\/lan-med-lag-ranta.webp","contentUrl":"https:\/\/borsvarlden.tacotech.se\/wp-content\/uploads\/lan-med-lag-ranta.webp","width":1920,"height":1080},{"@type":"BreadcrumbList","@id":"https:\/\/borsvarlden.tacotech.se\/lan\/lan-med-lag-ranta\/#breadcrumb","itemListElement":[{"@type":"ListItem","position":1,"name":"B\u00f6rsv\u00e4rlden","item":"https:\/\/borsvarlden.com\/"},{"@type":"ListItem","position":2,"name":"Privatekonomi","item":"https:\/\/borsvarlden.tacotech.se\/"},{"@type":"ListItem","position":3,"name":"L\u00e5n","item":"https:\/\/borsvarlden.tacotech.se\/lan\/"},{"@type":"ListItem","position":4,"name":"L\u00e5n med l\u00e5g r\u00e4nta"}]},{"@type":"WebSite","@id":"https:\/\/borsvarlden.tacotech.se\/#website","url":"https:\/\/borsvarlden.tacotech.se\/","name":"Borsvarlden","description":"","potentialAction":[{"@type":"SearchAction","target":{"@type":"EntryPoint","urlTemplate":"https:\/\/borsvarlden.tacotech.se\/?s={search_term_string}"},"query-input":{"@type":"PropertyValueSpecification","valueRequired":true,"valueName":"search_term_string"}}],"inLanguage":"sv-SE"},{"@type":"Question","@id":"https:\/\/borsvarlden.tacotech.se\/lan\/lan-med-lag-ranta\/#faq-question-1768382746554","position":1,"url":"https:\/\/borsvarlden.tacotech.se\/lan\/lan-med-lag-ranta\/#faq-question-1768382746554","name":"Vad anses vara en l\u00e5g r\u00e4nta f\u00f6r l\u00e5n utan s\u00e4kerhet?","answerCount":1,"acceptedAnswer":{"@type":"Answer","text":"Idag anses ett prival\u00e5n som har en r\u00e4nta mellan 5 - 7% ha en l\u00e5g r\u00e4nta. R\u00e4ntan varierar \u00f6ver tid och kan komma att bli \u00e4nnu l\u00e4gre, men \u00e4ven h\u00f6gre.","inLanguage":"sv-SE"},"inLanguage":"sv-SE"},{"@type":"Question","@id":"https:\/\/borsvarlden.tacotech.se\/lan\/lan-med-lag-ranta\/#faq-question-1768382897326","position":2,"url":"https:\/\/borsvarlden.tacotech.se\/lan\/lan-med-lag-ranta\/#faq-question-1768382897326","name":"\u00c4r en l\u00e5g nominell r\u00e4nta samma som en l\u00e5g effektiv r\u00e4nta?","answerCount":1,"acceptedAnswer":{"@type":"Answer","text":"Nej, den nominella r\u00e4ntan \u00e4r den r\u00e4ntan l\u00e5ngivaren erbjuder f\u00f6r l\u00e5net exklusive andra avgifter. S\u00e5 du kan bli erbjuden ett en l\u00e5g r\u00e4nta med dyra avgifter. Det genererar vad man kallar f\u00f6r den effektiva r\u00e4ntan, allts\u00e5 en mer r\u00e4ttvis r\u00e4nta vid j\u00e4mf\u00f6relse mellan olika l\u00e5n.","inLanguage":"sv-SE"},"inLanguage":"sv-SE"},{"@type":"Question","@id":"https:\/\/borsvarlden.tacotech.se\/lan\/lan-med-lag-ranta\/#faq-question-1768382973898","position":3,"url":"https:\/\/borsvarlden.tacotech.se\/lan\/lan-med-lag-ranta\/#faq-question-1768382973898","name":"Vilka olika typer av l\u00e5n med l\u00e5g r\u00e4nta finns tillg\u00e4ngliga?","answerCount":1,"acceptedAnswer":{"@type":"Answer","text":"Ett l\u00e5n med l\u00e5g r\u00e4nta \u00e4r inte ett specifikt l\u00e5n utan snarare \u00e4n egenskap. Det finns allts\u00e5 l\u00e5n med l\u00e5g r\u00e4nta som \u00e4r ett <a href=\"https:\/\/borsvarlden.tacotech.se\/lan\/billan\/\">bill\u00e5n<\/a>, bostadsl\u00e5n och privatl\u00e5n.","inLanguage":"sv-SE"},"inLanguage":"sv-SE"}]}},"_links":{"self":[{"href":"https:\/\/borsvarlden.tacotech.se\/wp-json\/wp\/v2\/pages\/148","targetHints":{"allow":["GET"]}}],"collection":[{"href":"https:\/\/borsvarlden.tacotech.se\/wp-json\/wp\/v2\/pages"}],"about":[{"href":"https:\/\/borsvarlden.tacotech.se\/wp-json\/wp\/v2\/types\/page"}],"author":[{"embeddable":true,"href":"https:\/\/borsvarlden.tacotech.se\/wp-json\/wp\/v2\/users\/2"}],"replies":[{"embeddable":true,"href":"https:\/\/borsvarlden.tacotech.se\/wp-json\/wp\/v2\/comments?post=148"}],"version-history":[{"count":27,"href":"https:\/\/borsvarlden.tacotech.se\/wp-json\/wp\/v2\/pages\/148\/revisions"}],"predecessor-version":[{"id":825,"href":"https:\/\/borsvarlden.tacotech.se\/wp-json\/wp\/v2\/pages\/148\/revisions\/825"}],"up":[{"embeddable":true,"href":"https:\/\/borsvarlden.tacotech.se\/wp-json\/wp\/v2\/pages\/15"}],"wp:featuredmedia":[{"embeddable":true,"href":"https:\/\/borsvarlden.tacotech.se\/wp-json\/wp\/v2\/media\/484"}],"wp:attachment":[{"href":"https:\/\/borsvarlden.tacotech.se\/wp-json\/wp\/v2\/media?parent=148"}],"curies":[{"name":"wp","href":"https:\/\/api.w.org\/{rel}","templated":true}]}}