{"id":130,"date":"2025-11-05T08:54:27","date_gmt":"2025-11-05T08:54:27","guid":{"rendered":"https:\/\/borsvarlden.tacotech.se\/?page_id=130"},"modified":"2026-02-11T15:25:22","modified_gmt":"2026-02-11T15:25:22","slug":"billan","status":"publish","type":"page","link":"https:\/\/borsvarlden.tacotech.se\/lan\/billan\/","title":{"rendered":"Bill\u00e5n"},"content":{"rendered":"\n<h2 class=\"wp-block-heading\">Billigaste bill\u00e5net<\/h2>\n\n\n\n<p>Om du \u00f6nskar ett bill\u00e5n utan s\u00e4kerhet \u00e4r det billigaste alternativet enligt oss Sambla. De har det billigaste bill\u00e5net fr\u00e5n 4,50% r\u00e4nta. Du f\u00e5r svar inom n\u00e5gra timmar och ans\u00f6kan \u00e4r inte bindande.<\/p>\n\n\n\n<figure class=\"wp-block-table is-style-borsvarlden-table\"><table class=\"has-fixed-layout\"><thead><tr><th>Bill\u00e5n<\/th><th>R\u00e4nta fr\u00e5n<\/th><\/tr><\/thead><tbody><tr><td>Sambla<\/td><td>4,50%<\/td><\/tr><tr><td>Advisa<\/td><td>4,50%<\/td><\/tr><tr><td>Lendo<\/td><td>4,95%<\/td><\/tr><tr><td>Enklare<\/td><td>4,50%<\/td><\/tr><tr><td>MyMoney (del av Sambla)<\/td><td>5,20%<\/td><\/tr><\/tbody><\/table><\/figure>\n\n\n\n<h2 class=\"wp-block-heading\">Bill\u00e5n 1,99% r\u00e4nta<\/h2>\n\n\n\n<p><strong>Den stora fr\u00e5gan som cirkulerar \u00e4r &#8211; finns det bill\u00e5n med 1,99 procent r\u00e4nta?<\/strong> Ja, det finns det. S\u00e5 l\u00e5g r\u00e4nta f\u00f6rekommer dock endast i form av r\u00e4ntekampanjer hos specifika bilm\u00e4rken eller bilhandlare. Villkoren innefattar ofta kortare l\u00f6ptider, de vill s\u00e4ga att erbjudandet bara st\u00e5r sig under 1 &#8211; 3 \u00e5r.<\/p>\n\n\n\n<figure class=\"wp-block-table is-style-borsvarlden-table\"><table class=\"has-fixed-layout\"><thead><tr><th>Bill\u00e5n<\/th><th>R\u00e4ntekampanj<\/th><\/tr><\/thead><tbody><tr><td>Citro\u00ebn bill\u00e5n<\/td><td>1,99% r\u00e4nta i 36 m\u00e5nader<\/td><\/tr><\/tbody><\/table><\/figure>\n\n\n\n<h2 class=\"wp-block-heading\">Vad \u00e4r ett bill\u00e5n?<\/h2>\n\n\n\n<p>Ett bill\u00e5n \u00e4r <strong>ett l\u00e5n som anv\u00e4nds f\u00f6r att k\u00f6pa bil<\/strong>. L\u00e5net kan vara med s\u00e4kerhet (bilen som pant) eller utan s\u00e4kerhet (ett privatl\u00e5n d\u00e4r bilen inte \u00e4r bunden till l\u00e5net). Ett l\u00e5n med s\u00e4kerhet ger oftast l\u00e4gre r\u00e4nta, men kr\u00e4ver kontantinsats p\u00e5 minst 20% enligt Konsumentkreditlagen. Ett l\u00e5n utan s\u00e4kerhet har h\u00f6gre r\u00e4nta men st\u00f6rre frihet. Det vanligaste tillv\u00e4gag\u00e5ngs\u00e4tten \u00e4r antingen att man tar hj\u00e4lp av en bilhandlare och l\u00e5nar till sin bil och anv\u00e4nder den som s\u00e4kerhet. Alternativt att man sj\u00e4lv s\u00f6ker sig till <a href=\"https:\/\/borsvarlden.tacotech.se\/lan\/laneformedlare\/\" type=\"page\" id=\"116\">l\u00e5nef\u00f6rmedlare<\/a> som kan erbjuda l\u00e5n utan s\u00e4kerhet och kontantinsats f\u00f6r att k\u00f6pa bil. L\u00e4s mer om de olika valen nedan.<\/p>\n\n\n\n<h3 class=\"wp-block-heading\">1. Bill\u00e5n med s\u00e4kerhet<\/h3>\n\n\n\n<p>Bill\u00e5n med s\u00e4kerhet erbjuds fr\u00e4mst av banker och bilhandlare. Bilen fungerar d\u00e5 som pant tills l\u00e5net \u00e4r \u00e5terbetalt. R\u00e4ntan \u00e4r oftast l\u00e4gre \u00e4n vid ett privatl\u00e5n, men du \u00e4ger inte bilen fullt ut f\u00f6rr\u00e4n skulden \u00e4r l\u00f6st. Det kr\u00e4vs 20% kontantinsats, vilket \u00e4r sv\u00e5rt att ordna f\u00f6r m\u00e5nga. F\u00f6rdelarna med att anv\u00e4nda bilen som s\u00e4kerhet \u00e4r att r\u00e4ntan blir l\u00e4gre. Ett vanligt val idag f\u00f6r bill\u00e5n med s\u00e4kerhet \u00e4r <a href=\"https:\/\/borsvarlden.tacotech.se\/lan\/gront-billan\/\" type=\"page\" id=\"506\">gr\u00f6na bill\u00e5n,<\/a> som ger r\u00e4nterabatt f\u00f6r milj\u00f6bilar.<\/p>\n\n\n\n<p><strong>Vanliga krav:<\/strong><\/p>\n\n\n\n<ul class=\"wp-block-list\">\n<li>Kontantinsats p\u00e5 minst 20 % av bilens pris<\/li>\n\n\n\n<li>Kreditupplysning via UC (vanligast)<\/li>\n\n\n\n<li>\u00c5lderskrav p\u00e5 minst 18 \u00e5r (ibland 20 \u00e5r)<\/li>\n<\/ul>\n\n\n\n<h3 class=\"wp-block-heading\">2. Bill\u00e5n utan s\u00e4kerhet<\/h3>\n\n\n\n<p>Ett <strong>alternativ till traditionellt bill\u00e5n <\/strong>\u00e4r att ta ett privatl\u00e5n utan s\u00e4kerhet. D\u00e5 beh\u00f6vs ingen kontantinsats, och du \u00e4ger bilen direkt. L\u00e5ngivare som Sambla, Advisa och Lendo l\u00e5ter dig j\u00e4mf\u00f6ra flera banker som erbjuder l\u00e5n upp till 800 000 kr utan s\u00e4kerhet. Det \u00e4r idag ett mycket vanligt alternativ men kr\u00e4ver att man genomf\u00f6r ans\u00f6kan sj\u00e4lv innan eller efter att man kollat ut den bil man \u00f6nskar k\u00f6pa.<\/p>\n\n\n\n<p><strong>F\u00f6rdelar:<\/strong><\/p>\n\n\n\n<ul class=\"wp-block-list\">\n<li>Ingen kontantinsats<\/li>\n\n\n\n<li>Du \u00e4ger bilen direkt<\/li>\n\n\n\n<li>Kan anv\u00e4ndas \u00e4ven f\u00f6r begagnade bilar<\/li>\n<\/ul>\n\n\n\n<p><strong>Nackdelar:<\/strong><\/p>\n\n\n\n<ul class=\"wp-block-list\">\n<li>H\u00f6gre r\u00e4nta (ofta 6\u201312 %)<\/li>\n\n\n\n<li>L\u00e4ngre \u00e5terbetalningstid (upp till 15 \u00e5r)<\/li>\n<\/ul>\n\n\n\n<h2 class=\"wp-block-heading\">Vanliga fr\u00e5gor<\/h2>\n\n\n\n<div class=\"schema-faq wp-block-yoast-faq-block\"><div class=\"schema-faq-section\" id=\"faq-question-1769680158805\"><strong class=\"schema-faq-question\">\u00c4r det b\u00e4st med bill\u00e5n eller privatl\u00e5n?<\/strong> <p class=\"schema-faq-answer\">Om du har m\u00f6jlighet att ta ett bill\u00e5n med 20% kontantinsats via en bilhandlare \u00e4r det det b\u00e4sta valet. Bilen anv\u00e4nds d\u00e5 som s\u00e4kerhet och din r\u00e4nta blir l\u00e4gre.<\/p> <\/div> <div class=\"schema-faq-section\" id=\"faq-question-1769680973894\"><strong class=\"schema-faq-question\">\u00c4r det vanligt att ta ett bill\u00e5n f\u00f6r att k\u00f6pa bil?<\/strong> <p class=\"schema-faq-answer\">Ja, de flesta som k\u00f6per en ny eller begagnad bil v\u00e4ljer att ta ett l\u00e5n. Dagens bilar har blivit allt dyrare och det \u00e4r ofta en l\u00f6sning som hj\u00e4lper m\u00e5nga f\u00e5 en bra bil efter ens behov.<\/p> <\/div> <div class=\"schema-faq-section\" id=\"faq-question-1769681078551\"><strong class=\"schema-faq-question\">Kan man l\u00e5na f\u00f6r att k\u00f6pa en begagnad bil?<\/strong> <p class=\"schema-faq-answer\">Det g\u00e5r bra att ta bill\u00e5n f\u00f6r att k\u00f6pa en begagnad bil, b\u00e5de via bilhandlare och som ett privatl\u00e5n utan s\u00e4kerhet.<\/p> <\/div> <\/div>\n","protected":false},"excerpt":{"rendered":"<p>Billigaste bill\u00e5net Om du \u00f6nskar ett bill\u00e5n utan s\u00e4kerhet \u00e4r det billigaste alternativet enligt oss Sambla. De har det billigaste bill\u00e5net fr\u00e5n 4,50% r\u00e4nta. Du f\u00e5r svar inom n\u00e5gra timmar och ans\u00f6kan \u00e4r inte bindande. Bill\u00e5n R\u00e4nta fr\u00e5n Sambla 4,50% Advisa 4,50% Lendo 4,95% Enklare 4,50% MyMoney (del av Sambla) 5,20% Bill\u00e5n 1,99% r\u00e4nta Den&hellip;&nbsp;<\/p>\n","protected":false},"author":2,"featured_media":497,"parent":15,"menu_order":0,"comment_status":"closed","ping_status":"closed","template":"","meta":{"_acf_changed":false,"neve_meta_sidebar":"","neve_meta_container":"","neve_meta_enable_content_width":"","neve_meta_content_width":0,"neve_meta_title_alignment":"","neve_meta_author_avatar":"","neve_post_elements_order":"","neve_meta_disable_header":"","neve_meta_disable_footer":"","neve_meta_disable_title":"","footnotes":""},"class_list":["post-130","page","type-page","status-publish","has-post-thumbnail","hentry"],"acf":[],"yoast_head":"<!-- This site is optimized with the Yoast SEO plugin v27.3 - https:\/\/yoast.com\/product\/yoast-seo-wordpress\/ -->\n<title>B\u00e4sta bill\u00e5net 2026 - Billigaste bill\u00e5net med r\u00e4nta fr\u00e5n 1,99%<\/title>\n<meta name=\"description\" content=\"Vi hj\u00e4lper dig att hitta det b\u00e4sta bill\u00e5net. Ett bra bill\u00e5n har schyssta villkor, enkel avbetalning och smidig ans\u00f6kan.\" \/>\n<meta property=\"og:locale\" content=\"sv_SE\" \/>\n<meta property=\"og:type\" content=\"article\" \/>\n<meta property=\"og:title\" content=\"B\u00e4sta bill\u00e5net 2026 - Billigaste bill\u00e5net med r\u00e4nta fr\u00e5n 1,99%\" \/>\n<meta property=\"og:description\" content=\"Vi hj\u00e4lper dig att hitta det b\u00e4sta bill\u00e5net. Ett bra bill\u00e5n har schyssta villkor, enkel avbetalning och smidig ans\u00f6kan.\" \/>\n<meta property=\"og:url\" content=\"https:\/\/borsvarlden.tacotech.se\/lan\/billan\/\" \/>\n<meta property=\"og:site_name\" content=\"Borsvarlden\" \/>\n<meta property=\"article:modified_time\" content=\"2026-02-11T15:25:22+00:00\" \/>\n<meta property=\"og:image\" content=\"https:\/\/borsvarlden.tacotech.se\/wp-content\/uploads\/basta-billan-thumb.webp\" \/>\n\t<meta property=\"og:image:width\" content=\"1920\" \/>\n\t<meta property=\"og:image:height\" content=\"1080\" \/>\n\t<meta property=\"og:image:type\" content=\"image\/webp\" \/>\n<meta name=\"twitter:card\" content=\"summary_large_image\" \/>\n<meta name=\"twitter:label1\" content=\"Ber\u00e4knad l\u00e4stid\" \/>\n\t<meta name=\"twitter:data1\" content=\"3 minuter\" \/>\n<script type=\"application\/ld+json\" class=\"yoast-schema-graph\">{\"@context\":\"https:\\\/\\\/schema.org\",\"@graph\":[{\"@type\":[\"WebPage\",\"FAQPage\"],\"@id\":\"https:\\\/\\\/borsvarlden.tacotech.se\\\/lan\\\/billan\\\/\",\"url\":\"https:\\\/\\\/borsvarlden.tacotech.se\\\/lan\\\/billan\\\/\",\"name\":\"B\u00e4sta bill\u00e5net 2026 - Billigaste bill\u00e5net med r\u00e4nta fr\u00e5n 1,99%\",\"isPartOf\":{\"@id\":\"https:\\\/\\\/borsvarlden.tacotech.se\\\/#website\"},\"primaryImageOfPage\":{\"@id\":\"https:\\\/\\\/borsvarlden.tacotech.se\\\/lan\\\/billan\\\/#primaryimage\"},\"image\":{\"@id\":\"https:\\\/\\\/borsvarlden.tacotech.se\\\/lan\\\/billan\\\/#primaryimage\"},\"thumbnailUrl\":\"https:\\\/\\\/borsvarlden.tacotech.se\\\/wp-content\\\/uploads\\\/basta-billan-thumb.webp\",\"datePublished\":\"2025-11-05T08:54:27+00:00\",\"dateModified\":\"2026-02-11T15:25:22+00:00\",\"description\":\"Vi hj\u00e4lper dig att hitta det b\u00e4sta bill\u00e5net. Ett bra bill\u00e5n har schyssta villkor, enkel avbetalning och smidig ans\u00f6kan.\",\"breadcrumb\":{\"@id\":\"https:\\\/\\\/borsvarlden.tacotech.se\\\/lan\\\/billan\\\/#breadcrumb\"},\"mainEntity\":[{\"@id\":\"https:\\\/\\\/borsvarlden.tacotech.se\\\/lan\\\/billan\\\/#faq-question-1769680158805\"},{\"@id\":\"https:\\\/\\\/borsvarlden.tacotech.se\\\/lan\\\/billan\\\/#faq-question-1769680973894\"},{\"@id\":\"https:\\\/\\\/borsvarlden.tacotech.se\\\/lan\\\/billan\\\/#faq-question-1769681078551\"}],\"inLanguage\":\"sv-SE\",\"potentialAction\":[{\"@type\":\"ReadAction\",\"target\":[\"https:\\\/\\\/borsvarlden.tacotech.se\\\/lan\\\/billan\\\/\"]}]},{\"@type\":\"ImageObject\",\"inLanguage\":\"sv-SE\",\"@id\":\"https:\\\/\\\/borsvarlden.tacotech.se\\\/lan\\\/billan\\\/#primaryimage\",\"url\":\"https:\\\/\\\/borsvarlden.tacotech.se\\\/wp-content\\\/uploads\\\/basta-billan-thumb.webp\",\"contentUrl\":\"https:\\\/\\\/borsvarlden.tacotech.se\\\/wp-content\\\/uploads\\\/basta-billan-thumb.webp\",\"width\":1920,\"height\":1080},{\"@type\":\"BreadcrumbList\",\"@id\":\"https:\\\/\\\/borsvarlden.tacotech.se\\\/lan\\\/billan\\\/#breadcrumb\",\"itemListElement\":[{\"@type\":\"ListItem\",\"position\":1,\"name\":\"B\u00f6rsv\u00e4rlden\",\"item\":\"https:\\\/\\\/borsvarlden.com\\\/\"},{\"@type\":\"ListItem\",\"position\":2,\"name\":\"Privatekonomi\",\"item\":\"https:\\\/\\\/borsvarlden.tacotech.se\\\/\"},{\"@type\":\"ListItem\",\"position\":3,\"name\":\"L\u00e5n\",\"item\":\"https:\\\/\\\/borsvarlden.tacotech.se\\\/lan\\\/\"},{\"@type\":\"ListItem\",\"position\":4,\"name\":\"Bill\u00e5n\"}]},{\"@type\":\"WebSite\",\"@id\":\"https:\\\/\\\/borsvarlden.tacotech.se\\\/#website\",\"url\":\"https:\\\/\\\/borsvarlden.tacotech.se\\\/\",\"name\":\"Borsvarlden\",\"description\":\"\",\"potentialAction\":[{\"@type\":\"SearchAction\",\"target\":{\"@type\":\"EntryPoint\",\"urlTemplate\":\"https:\\\/\\\/borsvarlden.tacotech.se\\\/?s={search_term_string}\"},\"query-input\":{\"@type\":\"PropertyValueSpecification\",\"valueRequired\":true,\"valueName\":\"search_term_string\"}}],\"inLanguage\":\"sv-SE\"},{\"@type\":\"Question\",\"@id\":\"https:\\\/\\\/borsvarlden.tacotech.se\\\/lan\\\/billan\\\/#faq-question-1769680158805\",\"position\":1,\"url\":\"https:\\\/\\\/borsvarlden.tacotech.se\\\/lan\\\/billan\\\/#faq-question-1769680158805\",\"name\":\"\u00c4r det b\u00e4st med bill\u00e5n eller privatl\u00e5n?\",\"answerCount\":1,\"acceptedAnswer\":{\"@type\":\"Answer\",\"text\":\"Om du har m\u00f6jlighet att ta ett bill\u00e5n med 20% kontantinsats via en bilhandlare \u00e4r det det b\u00e4sta valet. Bilen anv\u00e4nds d\u00e5 som s\u00e4kerhet och din r\u00e4nta blir l\u00e4gre.\",\"inLanguage\":\"sv-SE\"},\"inLanguage\":\"sv-SE\"},{\"@type\":\"Question\",\"@id\":\"https:\\\/\\\/borsvarlden.tacotech.se\\\/lan\\\/billan\\\/#faq-question-1769680973894\",\"position\":2,\"url\":\"https:\\\/\\\/borsvarlden.tacotech.se\\\/lan\\\/billan\\\/#faq-question-1769680973894\",\"name\":\"\u00c4r det vanligt att ta ett bill\u00e5n f\u00f6r att k\u00f6pa bil?\",\"answerCount\":1,\"acceptedAnswer\":{\"@type\":\"Answer\",\"text\":\"Ja, de flesta som k\u00f6per en ny eller begagnad bil v\u00e4ljer att ta ett l\u00e5n. Dagens bilar har blivit allt dyrare och det \u00e4r ofta en l\u00f6sning som hj\u00e4lper m\u00e5nga f\u00e5 en bra bil efter ens behov.\",\"inLanguage\":\"sv-SE\"},\"inLanguage\":\"sv-SE\"},{\"@type\":\"Question\",\"@id\":\"https:\\\/\\\/borsvarlden.tacotech.se\\\/lan\\\/billan\\\/#faq-question-1769681078551\",\"position\":3,\"url\":\"https:\\\/\\\/borsvarlden.tacotech.se\\\/lan\\\/billan\\\/#faq-question-1769681078551\",\"name\":\"Kan man l\u00e5na f\u00f6r att k\u00f6pa en begagnad bil?\",\"answerCount\":1,\"acceptedAnswer\":{\"@type\":\"Answer\",\"text\":\"Det g\u00e5r bra att ta bill\u00e5n f\u00f6r att k\u00f6pa en begagnad bil, b\u00e5de via bilhandlare och som ett privatl\u00e5n utan s\u00e4kerhet.\",\"inLanguage\":\"sv-SE\"},\"inLanguage\":\"sv-SE\"}]}<\/script>\n<!-- \/ Yoast SEO plugin. -->","yoast_head_json":{"title":"B\u00e4sta bill\u00e5net 2026 - Billigaste bill\u00e5net med r\u00e4nta fr\u00e5n 1,99%","description":"Vi hj\u00e4lper dig att hitta det b\u00e4sta bill\u00e5net. Ett bra bill\u00e5n har schyssta villkor, enkel avbetalning och smidig ans\u00f6kan.","og_locale":"sv_SE","og_type":"article","og_title":"B\u00e4sta bill\u00e5net 2026 - Billigaste bill\u00e5net med r\u00e4nta fr\u00e5n 1,99%","og_description":"Vi hj\u00e4lper dig att hitta det b\u00e4sta bill\u00e5net. Ett bra bill\u00e5n har schyssta villkor, enkel avbetalning och smidig ans\u00f6kan.","og_url":"https:\/\/borsvarlden.tacotech.se\/lan\/billan\/","og_site_name":"Borsvarlden","article_modified_time":"2026-02-11T15:25:22+00:00","og_image":[{"width":1920,"height":1080,"url":"https:\/\/borsvarlden.tacotech.se\/wp-content\/uploads\/basta-billan-thumb.webp","type":"image\/webp"}],"twitter_card":"summary_large_image","twitter_misc":{"Ber\u00e4knad l\u00e4stid":"3 minuter"},"schema":{"@context":"https:\/\/schema.org","@graph":[{"@type":["WebPage","FAQPage"],"@id":"https:\/\/borsvarlden.tacotech.se\/lan\/billan\/","url":"https:\/\/borsvarlden.tacotech.se\/lan\/billan\/","name":"B\u00e4sta bill\u00e5net 2026 - Billigaste bill\u00e5net med r\u00e4nta fr\u00e5n 1,99%","isPartOf":{"@id":"https:\/\/borsvarlden.tacotech.se\/#website"},"primaryImageOfPage":{"@id":"https:\/\/borsvarlden.tacotech.se\/lan\/billan\/#primaryimage"},"image":{"@id":"https:\/\/borsvarlden.tacotech.se\/lan\/billan\/#primaryimage"},"thumbnailUrl":"https:\/\/borsvarlden.tacotech.se\/wp-content\/uploads\/basta-billan-thumb.webp","datePublished":"2025-11-05T08:54:27+00:00","dateModified":"2026-02-11T15:25:22+00:00","description":"Vi hj\u00e4lper dig att hitta det b\u00e4sta bill\u00e5net. Ett bra bill\u00e5n har schyssta villkor, enkel avbetalning och smidig ans\u00f6kan.","breadcrumb":{"@id":"https:\/\/borsvarlden.tacotech.se\/lan\/billan\/#breadcrumb"},"mainEntity":[{"@id":"https:\/\/borsvarlden.tacotech.se\/lan\/billan\/#faq-question-1769680158805"},{"@id":"https:\/\/borsvarlden.tacotech.se\/lan\/billan\/#faq-question-1769680973894"},{"@id":"https:\/\/borsvarlden.tacotech.se\/lan\/billan\/#faq-question-1769681078551"}],"inLanguage":"sv-SE","potentialAction":[{"@type":"ReadAction","target":["https:\/\/borsvarlden.tacotech.se\/lan\/billan\/"]}]},{"@type":"ImageObject","inLanguage":"sv-SE","@id":"https:\/\/borsvarlden.tacotech.se\/lan\/billan\/#primaryimage","url":"https:\/\/borsvarlden.tacotech.se\/wp-content\/uploads\/basta-billan-thumb.webp","contentUrl":"https:\/\/borsvarlden.tacotech.se\/wp-content\/uploads\/basta-billan-thumb.webp","width":1920,"height":1080},{"@type":"BreadcrumbList","@id":"https:\/\/borsvarlden.tacotech.se\/lan\/billan\/#breadcrumb","itemListElement":[{"@type":"ListItem","position":1,"name":"B\u00f6rsv\u00e4rlden","item":"https:\/\/borsvarlden.com\/"},{"@type":"ListItem","position":2,"name":"Privatekonomi","item":"https:\/\/borsvarlden.tacotech.se\/"},{"@type":"ListItem","position":3,"name":"L\u00e5n","item":"https:\/\/borsvarlden.tacotech.se\/lan\/"},{"@type":"ListItem","position":4,"name":"Bill\u00e5n"}]},{"@type":"WebSite","@id":"https:\/\/borsvarlden.tacotech.se\/#website","url":"https:\/\/borsvarlden.tacotech.se\/","name":"Borsvarlden","description":"","potentialAction":[{"@type":"SearchAction","target":{"@type":"EntryPoint","urlTemplate":"https:\/\/borsvarlden.tacotech.se\/?s={search_term_string}"},"query-input":{"@type":"PropertyValueSpecification","valueRequired":true,"valueName":"search_term_string"}}],"inLanguage":"sv-SE"},{"@type":"Question","@id":"https:\/\/borsvarlden.tacotech.se\/lan\/billan\/#faq-question-1769680158805","position":1,"url":"https:\/\/borsvarlden.tacotech.se\/lan\/billan\/#faq-question-1769680158805","name":"\u00c4r det b\u00e4st med bill\u00e5n eller privatl\u00e5n?","answerCount":1,"acceptedAnswer":{"@type":"Answer","text":"Om du har m\u00f6jlighet att ta ett bill\u00e5n med 20% kontantinsats via en bilhandlare \u00e4r det det b\u00e4sta valet. Bilen anv\u00e4nds d\u00e5 som s\u00e4kerhet och din r\u00e4nta blir l\u00e4gre.","inLanguage":"sv-SE"},"inLanguage":"sv-SE"},{"@type":"Question","@id":"https:\/\/borsvarlden.tacotech.se\/lan\/billan\/#faq-question-1769680973894","position":2,"url":"https:\/\/borsvarlden.tacotech.se\/lan\/billan\/#faq-question-1769680973894","name":"\u00c4r det vanligt att ta ett bill\u00e5n f\u00f6r att k\u00f6pa bil?","answerCount":1,"acceptedAnswer":{"@type":"Answer","text":"Ja, de flesta som k\u00f6per en ny eller begagnad bil v\u00e4ljer att ta ett l\u00e5n. Dagens bilar har blivit allt dyrare och det \u00e4r ofta en l\u00f6sning som hj\u00e4lper m\u00e5nga f\u00e5 en bra bil efter ens behov.","inLanguage":"sv-SE"},"inLanguage":"sv-SE"},{"@type":"Question","@id":"https:\/\/borsvarlden.tacotech.se\/lan\/billan\/#faq-question-1769681078551","position":3,"url":"https:\/\/borsvarlden.tacotech.se\/lan\/billan\/#faq-question-1769681078551","name":"Kan man l\u00e5na f\u00f6r att k\u00f6pa en begagnad bil?","answerCount":1,"acceptedAnswer":{"@type":"Answer","text":"Det g\u00e5r bra att ta bill\u00e5n f\u00f6r att k\u00f6pa en begagnad bil, b\u00e5de via bilhandlare och som ett privatl\u00e5n utan s\u00e4kerhet.","inLanguage":"sv-SE"},"inLanguage":"sv-SE"}]}},"_links":{"self":[{"href":"https:\/\/borsvarlden.tacotech.se\/wp-json\/wp\/v2\/pages\/130","targetHints":{"allow":["GET"]}}],"collection":[{"href":"https:\/\/borsvarlden.tacotech.se\/wp-json\/wp\/v2\/pages"}],"about":[{"href":"https:\/\/borsvarlden.tacotech.se\/wp-json\/wp\/v2\/types\/page"}],"author":[{"embeddable":true,"href":"https:\/\/borsvarlden.tacotech.se\/wp-json\/wp\/v2\/users\/2"}],"replies":[{"embeddable":true,"href":"https:\/\/borsvarlden.tacotech.se\/wp-json\/wp\/v2\/comments?post=130"}],"version-history":[{"count":17,"href":"https:\/\/borsvarlden.tacotech.se\/wp-json\/wp\/v2\/pages\/130\/revisions"}],"predecessor-version":[{"id":781,"href":"https:\/\/borsvarlden.tacotech.se\/wp-json\/wp\/v2\/pages\/130\/revisions\/781"}],"up":[{"embeddable":true,"href":"https:\/\/borsvarlden.tacotech.se\/wp-json\/wp\/v2\/pages\/15"}],"wp:featuredmedia":[{"embeddable":true,"href":"https:\/\/borsvarlden.tacotech.se\/wp-json\/wp\/v2\/media\/497"}],"wp:attachment":[{"href":"https:\/\/borsvarlden.tacotech.se\/wp-json\/wp\/v2\/media?parent=130"}],"curies":[{"name":"wp","href":"https:\/\/api.w.org\/{rel}","templated":true}]}}